{"id":116696,"date":"2019-06-30T19:49:31","date_gmt":"2019-06-30T11:49:31","guid":{"rendered":"https:\/\/www.pandasilk.com\/faqs\/"},"modified":"2025-01-13T14:01:53","modified_gmt":"2025-01-13T22:01:53","slug":"faqs","status":"publish","type":"page","link":"https:\/\/www.pandasilk.com\/vi\/faqs\/","title":{"rendered":"Nh\u1eefng C\u00e2u H\u1ecfi Th\u01b0\u1eddng G\u1eb7p V\u1ec1 L\u1ee5a"},"content":{"rendered":"<p>L\u1ee5a, m\u1ed9t ch\u1ea5t li\u1ec7u sang tr\u1ecdng v\u00e0 v\u01b0\u1ee3t th\u1eddi gian, \u0111\u00e3 quy\u1ebfn r\u0169 con ng\u01b0\u1eddi trong h\u00e0ng thi\u00ean ni\u00ean k\u1ef7. T\u1eeb ngu\u1ed3n g\u1ed1c c\u1ed5 x\u01b0a \u1edf Trung Qu\u1ed1c \u0111\u1ebfn s\u1ef1 hi\u1ec7n di\u1ec7n \u0111\u01b0\u01a1ng \u0111\u1ea1i trong th\u1eddi trang v\u00e0 \u0111\u1ed3 d\u1ec7t gia d\u1ee5ng, l\u1ee5a v\u1eabn l\u00e0 m\u1ed9t v\u1eadt li\u1ec7u \u0111\u01b0\u1ee3c khao kh\u00e1t. B\u00e0i vi\u1ebft n\u00e0y nh\u1eb1m m\u1ee5c \u0111\u00edch gi\u1ea3i \u0111\u00e1p nh\u1eefng c\u00e2u h\u1ecfi ph\u1ed5 bi\u1ebfn nh\u1ea5t v\u1ec1 l\u1ee5a, cung c\u1ea5p nh\u1eefng c\u00e2u tr\u1ea3 l\u1eddi r\u00f5 r\u00e0ng v\u00e0 to\u00e0n di\u1ec7n.<\/p>\n<h3>1. Ai C\u00f3 Th\u1ec3 S\u1eed D\u1ee5ng S\u1ea3n Ph\u1ea9m L\u1ee5a?<\/h3>\n<p>C\u00e1c s\u1ea3n ph\u1ea9m l\u1ee5a c\u1ef1c k\u1ef3 linh ho\u1ea1t v\u00e0 ph\u00f9 h\u1ee3p v\u1edbi m\u1ecdi l\u1ee9a tu\u1ed5i, bao g\u1ed3m c\u1ea3 ng\u01b0\u1eddi l\u1edbn, tr\u1ebb em v\u00e0 tr\u1ebb m\u1edbi bi\u1ebft \u0111i. N\u1ebfu b\u1ea1n y\u00eau c\u1ea7u k\u00edch th\u01b0\u1edbc t\u00f9y ch\u1ec9nh cho c\u00e1c m\u1eb7t h\u00e0ng nh\u01b0 \u0111\u1ed3 d\u00f9ng gi\u01b0\u1eddng ng\u1ee7, h\u00e3y li\u00ean h\u1ec7 v\u1edbi nh\u00e0 cung c\u1ea5p, ch\u1eb3ng h\u1ea1n nh\u01b0 PandaSilk, \u0111\u1ec3 h\u1ecfi v\u1ec1 c\u00e1c t\u00f9y ch\u1ecdn t\u00f9y ch\u1ec9nh.<\/p>\n<h3>2. Ngu\u1ed3n G\u1ed1c L\u1ee5a \u0110\u1ebfn T\u1eeb \u0110\u00e2u?<\/h3>\n<p>Ph\u1ea7n l\u1edbn l\u1ee5a c\u1ee7a th\u1ebf gi\u1edbi c\u00f3 ngu\u1ed3n g\u1ed1c t\u1eeb Trung Qu\u1ed1c, n\u01a1i ngh\u1ec1 tr\u1ed3ng d\u00e2u nu\u00f4i t\u1eb1m (nu\u00f4i t\u1eb1m) \u0111\u00e3 \u0111\u01b0\u1ee3c tinh ch\u1ebf qua h\u00e0ng ng\u00e0n n\u0103m. B\u1eb1ng ch\u1ee9ng s\u1edbm nh\u1ea5t v\u1ec1 s\u1ea3n xu\u1ea5t l\u1ee5a c\u00f3 ni\u00ean \u0111\u1ea1i kho\u1ea3ng 3500 tr\u01b0\u1edbc C\u00f4ng nguy\u00ean \u1edf Trung Qu\u1ed1c c\u1ed5 \u0111\u1ea1i, c\u1ee7ng c\u1ed1 v\u1ecb th\u1ebf c\u1ee7a n\u01b0\u1edbc n\u00e0y l\u00e0 nh\u00e0 s\u1ea3n xu\u1ea5t l\u1ee5a h\u00e0ng \u0111\u1ea7u. M\u1eb7c d\u00f9 Th\u00e1i Lan v\u00e0 \u1ea4n \u0110\u1ed9 c\u0169ng s\u1ea3n xu\u1ea5t l\u1ee5a, nh\u01b0ng s\u1ea3n l\u01b0\u1ee3ng v\u00e0 \u0111\u1ed9 m\u1ecbn c\u1ee7a s\u1ee3i n\u00f3i chung kh\u00f4ng so s\u00e1nh \u0111\u01b0\u1ee3c v\u1edbi l\u1ee5a c\u1ee7a Trung Qu\u1ed1c. \u00dd \u0111\u01b0\u1ee3c bi\u1ebft \u0111\u1ebfn v\u1edbi c\u00e1c lo\u1ea1i l\u1ee5a ch\u1ea5t l\u01b0\u1ee3ng cao, nh\u01b0ng l\u1ee5a c\u1ee7a h\u1ecd ch\u1ee7 y\u1ebfu \u0111\u01b0\u1ee3c s\u1eed d\u1ee5ng cho h\u00e0ng may m\u1eb7c, ch\u1ee9 kh\u00f4ng ph\u1ea3i h\u00e0ng d\u1ec7t gia d\u1ee5ng nh\u01b0 \u0111\u1ed3 d\u00f9ng gi\u01b0\u1eddng ng\u1ee7.<\/p>\n<h3>3. L\u1ee5a C\u1ee7a B\u1ea1n C\u00f3 Ph\u1ea3i L\u00e0 L\u1ee5a T\u01a1 T\u1eb1m 100% Tinh Khi\u1ebft?<\/h3>\n<p>Ph\u1ea7n l\u1edbn c\u00e1c lo\u1ea1i v\u1ea3i l\u1ee5a \u0111\u01b0\u1ee3c l\u00e0m b\u1eb1ng 100% l\u1ee5a t\u01a1 t\u1eb1m nguy\u00ean ch\u1ea5t, nh\u01b0 tr\u01b0\u1eddng h\u1ee3p v\u1edbi h\u1ea7u h\u1ebft c\u00e1c lo\u1ea1i l\u1ee5a \u0111\u01b0\u1ee3c b\u00e1n b\u1edfi c\u00e1c c\u00f4ng ty nh\u01b0 PandaSilk. N\u1ebfu b\u1ea1n \u0111ang t\u00ecm ki\u1ebfm c\u00e1c lo\u1ea1i v\u1ea3i pha tr\u1ed9n, c\u00e1c m\u1eb7t h\u00e0ng \u0111\u01b0\u1ee3c l\u00e0m b\u1eb1ng s\u1ef1 k\u1ebft h\u1ee3p nh\u01b0 nhung, satin l\u1ee5a\/viscose ho\u1eb7c c\u00e1c lo\u1ea1i v\u1ea3i h\u1ed7n h\u1ee3p kh\u00e1c lu\u00f4n \u0111\u01b0\u1ee3c \u0111\u00e1nh d\u1ea5u r\u00f5 r\u00e0ng \u0111\u1ec3 cho bi\u1ebft th\u00e0nh ph\u1ea7n c\u1ee7a ch\u00fang.<\/p>\n<h3>4. \u0110\u01a1n \u0110\u1eb7t H\u00e0ng \u0110\u01b0\u1ee3c V\u1eadn Chuy\u1ec3n Nh\u01b0 Th\u1ebf N\u00e0o V\u00e0 Th\u1eddi Gian Giao H\u00e0ng L\u00e0 Bao L\u00e2u?<\/h3>\n<p>C\u00e1c \u0111\u01a1n \u0111\u1eb7t h\u00e0ng th\u01b0\u1eddng \u0111\u01b0\u1ee3c g\u1eedi \u0111i qua c\u00e1c h\u00e3ng v\u1eadn chuy\u1ec3n qu\u1ed1c t\u1ebf \u0111\u00e1ng tin c\u1eady nh\u01b0 DHL, UPS, FedEx ho\u1eb7c EMS. \u0110\u1ed1i v\u1edbi kh\u00e1ch h\u00e0ng \u1edf M\u1ef9, Canada v\u00e0 \u00dac, vi\u1ec7c giao h\u00e0ng th\u01b0\u1eddng m\u1ea5t kho\u1ea3ng 4-5 ng\u00e0y. Tuy nhi\u00ean, th\u1eddi gian giao h\u00e0ng c\u00f3 th\u1ec3 k\u00e9o d\u00e0i trong c\u00e1c m\u00f9a l\u1ec5.<\/p>\n<h3>5. L\u1ee5a C\u00f3 Gi\u1eb7t \u0110\u01b0\u1ee3c Kh\u00f4ng?<\/h3>\n<p>C\u00f3, l\u1ee5a c\u00f3 th\u1ec3 gi\u1eb7t \u0111\u01b0\u1ee3c. C\u00e1c lo\u1ea1i thu\u1ed1c nhu\u1ed9m ho\u1eb7c b\u1ea3n in \u0111\u01b0\u1ee3c \u00e1p d\u1ee5ng tr\u00ean l\u1ee5a \u0111\u1ec1u ph\u1ea3i tr\u1ea3i qua qu\u00e1 tr\u00ecnh gi\u1eb7t trong qu\u00e1 tr\u00ecnh s\u1ea3n xu\u1ea5t \u0111\u1ec3 l\u00e0m cho ch\u00fang kh\u00f4ng b\u1ecb phai m\u00e0u. Khuy\u1ebfn kh\u00edch gi\u1eb7t tay \u0111\u1ec3 c\u00f3 k\u1ebft qu\u1ea3 t\u1ed1t nh\u1ea5t.<\/p>\n<h3>6. Ph\u01b0\u01a1ng Ph\u00e1p Gi\u1eb7t L\u1ee5a \u0110\u00fang C\u00e1ch L\u00e0 G\u00ec?<\/h3>\n<p>Gi\u1eb7t tay l\u1ee5a c\u1ee7a b\u1ea1n trong n\u01b0\u1edbc \u1ea5m b\u1eb1ng ch\u1ea5t t\u1ea9y r\u1eeda nh\u1eb9. Sau khi gi\u1eb7t, tr\u00e1nh v\u1eaft l\u1ee5a khi c\u00f2n \u01b0\u1edbt. Nh\u1eb9 nh\u00e0ng v\u1eaft h\u1ebft n\u01b0\u1edbc th\u1eeba v\u00e0 \u0111\u1eb7t n\u00f3 n\u1eb1m ph\u1eb3ng gi\u1eefa kh\u0103n \u0111\u1ec3 th\u1ea5m h\u1ebft h\u01a1i \u1ea9m tr\u01b0\u1edbc khi \u1ee7i.<\/p>\n<h3>7. L\u1ee5a C\u00f3 \u1ee6i \u0110\u01b0\u1ee3c Kh\u00f4ng?<\/h3>\n<p>L\u1ee5a c\u00f3 th\u1ec3 \u0111\u01b0\u1ee3c \u1ee7i n\u1ebfu \u0111\u01b0\u1ee3c ch\u0103m s\u00f3c \u0111\u00fang c\u00e1ch, v\u00ec n\u00f3 kh\u00e1 b\u1ec1n. Kh\u00f4ng \u0111\u1ec3 b\u00e0n l\u00e0 n\u00f3ng ngh\u1ec9 tr\u00ean l\u1ee5a trong th\u1eddi gian d\u00e0i. S\u1eed d\u1ee5ng b\u00e0n l\u00e0 ngu\u1ed9i v\u00e0 lu\u00f4n \u1ee7i c\u00e1c m\u1eb7t h\u00e0ng l\u1ee5a t\u1eeb trong ra ngo\u00e0i. N\u1ebfu c\u00f3 th\u1ec3, h\u00e3y s\u1eed d\u1ee5ng ch\u1ebf \u0111\u1ed9 \u1ee7i l\u1ee5a c\u1ee7a b\u00e0n l\u00e0, n\u1ebfu kh\u00f4ng th\u00ec nhi\u1ec7t \u0111\u1ed9 th\u1ea5p nh\u1ea5t th\u01b0\u1eddng ho\u1ea1t \u0111\u1ed9ng hi\u1ec7u qu\u1ea3.<\/p>\n<h3>8. N\u00ean S\u1eed D\u1ee5ng Lo\u1ea1i Ch\u1ec9 N\u00e0o \u0110\u1ec3 May L\u1ee5a?<\/h3>\n<p>C\u00e1c lo\u1ea1i ch\u1ec9 th\u00f4ng th\u01b0\u1eddng nh\u01b0 c\u1ee7a G\u00fctermann ho\u1ea1t \u0111\u1ed9ng t\u1ed1t v\u1edbi l\u1ee5a. T\u1ed1t h\u01a1n l\u00e0 kh\u00f4ng n\u00ean s\u1eed d\u1ee5ng ch\u1ec9 l\u1ee5a t\u01a1 t\u1eb1m nguy\u00ean ch\u1ea5t v\u00ec n\u00f3 c\u00f3 xu h\u01b0\u1edbng b\u1ecb th\u1eaft n\u00fat d\u1ec5 d\u00e0ng.<\/p>\n<h3>9. Tr\u1ecdng L\u01b0\u1ee3ng Momme C\u1ee7a V\u1ecf G\u1ed1i L\u1ee5a L\u00e0 Bao Nhi\u00eau?<\/h3>\n<p>V\u1ecf g\u1ed1i l\u1ee5a \u0111\u01b0\u1ee3c \u0111o b\u1eb1ng tr\u1ecdng l\u01b0\u1ee3ng momme (ph\u00e1t \u00e2m l\u00e0 m\u00f4-me). C\u00e1c c\u00f4ng ty nh\u01b0 PandaSilk cung c\u1ea5p ch\u00fang v\u1edbi c\u00e1c t\u00f9y ch\u1ecdn 19, 22 ho\u1eb7c 25 momme. Momme c\u00e0ng l\u1edbn, l\u1ee5a c\u00e0ng c\u00f3 tr\u1ecdng l\u01b0\u1ee3ng v\u00e0 do \u0111\u00f3 \u0111\u1ed9 b\u1ec1n c\u00e0ng cao.<\/p>\n<table class=\"table table-striped table-bordered\">\n<thead>\n<tr>\n<th>Momme<\/th>\n<th>\u0110\u1ed9 B\u1ec1n<\/th>\n<\/tr>\n<\/thead>\n<tbody>\n<tr>\n<td>19 MM<\/td>\n<td>\u00cdt b\u1ec1n<\/td>\n<\/tr>\n<tr>\n<td>22 MM<\/td>\n<td>Trung B\u00ecnh<\/td>\n<\/tr>\n<tr>\n<td>25 MM<\/td>\n<td>Cao<\/td>\n<\/tr>\n<\/tbody>\n<\/table>\n<h3>10. &#8220;Tr\u1ecdng L\u01b0\u1ee3ng Momme&#8221; C\u00f3 Ngh\u0129a L\u00e0 G\u00ec?<\/h3>\n<p>Tr\u1ecdng l\u01b0\u1ee3ng momme l\u00e0 \u0111\u01a1n v\u1ecb d\u00f9ng \u0111\u1ec3 \u0111o tr\u1ecdng l\u01b0\u1ee3ng c\u1ee7a v\u1ea3i l\u1ee5a, cho bi\u1ebft m\u1eadt \u0111\u1ed9 c\u1ee7a n\u00f3. Tr\u1ecdng l\u01b0\u1ee3ng momme cao h\u01a1n c\u00f3 ngh\u0129a l\u00e0 l\u1ee5a d\u00e0y h\u01a1n, \u0111\u1eadm \u0111\u1eb7c h\u01a1n v\u00e0 nh\u00ecn chung b\u1ec1n h\u01a1n.<\/p>\n<h3>11. L\u1ee5a C\u00f3 Ngu\u1ed3n G\u1ed1c Nh\u01b0 Th\u1ebf N\u00e0o?<\/h3>\n<p>Ngu\u1ed3n g\u1ed1c c\u1ee7a l\u1ee5a b\u1eaft ngu\u1ed3n t\u1eeb Trung Qu\u1ed1c c\u1ed5 \u0111\u1ea1i, v\u1edbi m\u1ed9t truy\u1ec1n thuy\u1ebft k\u1ec3 r\u1eb1ng vi\u1ec7c kh\u00e1m ph\u00e1 ra l\u1ee5a l\u00e0 do m\u1ed9t v\u1ecb ho\u00e0ng h\u1eadu t\u00ean l\u00e0 Si Ling Chi, ng\u01b0\u1eddi \u0111\u01b0\u1ee3c cho l\u00e0 \u0111\u00e3 quan s\u00e1t nh\u1eefng con t\u1eb1m \u0111ang quay t\u01a1 l\u00e0m k\u00e9n trong khu v\u01b0\u1eddn ho\u00e0ng gia v\u00e0 m\u01a1 \u01b0\u1edbc \u0111\u01b0\u1ee3c l\u00e0m v\u1ea3i b\u1eb1ng s\u1ee3i t\u01a1 c\u1ee7a ch\u00fang. M\u1ed9t l\u1eddi gi\u1ea3i th\u00edch kh\u00e1c cho r\u1eb1ng m\u1ed9t s\u1ed1 ph\u1ee5 n\u1eef \u0111\u00e3 v\u00f4 t\u00ecnh t\u00ecm th\u1ea5y l\u1ee5a khi \u0111ang h\u00e1i tr\u00e1i c\u00e2y. Nh\u1eefng ng\u01b0\u1eddi ph\u1ee5 n\u1eef n\u00e0y \u0111\u00e3 lu\u1ed9c m\u1ed9t m\u1edb \u201cqu\u1ea3\u201d m\u00e0u tr\u1eafng c\u1ee9ng, kh\u00f4ng \u0103n \u0111\u01b0\u1ee3c (k\u00e9n), sau \u0111\u00f3 \u0111\u00e1nh ch\u00fang. Qu\u00e1 tr\u00ecnh n\u00e0y \u0111\u00e3 ph\u00e1t hi\u1ec7n ra v\u1eadt li\u1ec7u.<\/p>\n<h3>12. Ch\u00ednh X\u00e1c Th\u00ec L\u1ee5a L\u00e0 G\u00ec?<\/h3>\n<p>L\u1ee5a l\u00e0 s\u1ee3i t\u01a1 m\u1ecbn do t\u1eb1m t\u1ea1o ra \u0111\u1ec3 x\u00e2y k\u00e9n trong qu\u00e1 tr\u00ecnh h\u00f3a nh\u1ed9ng. S\u1ee3i n\u00e0y n\u1ed5i ti\u1ebfng l\u00e0 s\u1ee3i t\u1ef1 nhi\u00ean t\u1ed1t nh\u1ea5t v\u00e0 b\u1ec1n nh\u1ea5t tr\u00ean to\u00e0n c\u1ea7u. N\u00f3 l\u00e0 m\u1ed9t s\u1ee3i protein c\u00f3 th\u00e0nh ph\u1ea7n h\u00f3a h\u1ecdc t\u01b0\u01a1ng t\u1ef1 nh\u01b0 da ng\u01b0\u1eddi. V\u00ec v\u1eady, l\u1ee5a th\u01b0\u1eddng \u0111\u01b0\u1ee3c m\u00f4 t\u1ea3 l\u00e0 l\u1edbp da th\u1ee9 hai l\u00fd t\u01b0\u1edfng.<\/p>\n<h3>13. L\u1ee5a C\u00f3 Ph\u1ea3i L\u00e0 L\u1ee5a T\u01a1 T\u1eb1m Kh\u00f4ng?<\/h3>\n<p>Th\u00f4ng th\u01b0\u1eddng, c\u00e1c s\u1ea3n ph\u1ea9m l\u1ee5a cao c\u1ea5p nh\u01b0 c\u1ee7a PandaSilk, \u0111\u01b0\u1ee3c l\u00e0m b\u1eb1ng 100% l\u1ee5a t\u01a1 t\u1eb1m nguy\u00ean ch\u1ea5t, k\u1ebft qu\u1ea3 c\u1ee7a vi\u1ec7c nu\u00f4i t\u1eb1m tr\u00ean m\u1ed9t ch\u1ebf \u0111\u1ed9 \u0103n ki\u00eang ch\u1ec9 bao g\u1ed3m l\u00e1 d\u00e2u t\u1eb1m, khi\u1ebfn n\u00f3 c\u00f3 ch\u1ea5t l\u01b0\u1ee3ng cao nh\u1ea5t \u0111\u1ec3 s\u1eed d\u1ee5ng trong h\u00e0ng d\u1ec7t may.<\/p>\n<h3>14. L\u1ee5a Charmeuse C\u00f3 Gi\u1ed1ng L\u1ee5a T\u01a1 T\u1eb1m Kh\u00f4ng?<\/h3>\n<p>L\u1ee5a Charmeuse l\u00e0 m\u1ed9t ki\u1ec3u d\u1ec7t c\u1ee5 th\u1ec3 trong khi l\u1ee5a t\u01a1 t\u1eb1m l\u00e0 lo\u1ea1i v\u1eadt li\u1ec7u l\u1ee5a (c\u00f3 ngu\u1ed3n g\u1ed1c t\u1eeb t\u1eb1m \u0103n l\u00e1 d\u00e2u t\u1eb1m) \u0111\u01b0\u1ee3c s\u1eed d\u1ee5ng \u0111\u1ec3 s\u1ea3n xu\u1ea5t Charmeuse ho\u1eb7c c\u00e1c lo\u1ea1i v\u1ea3i l\u1ee5a kh\u00e1c, ch\u1eb3ng h\u1ea1n nh\u01b0 chiffon, habotai, crepe, v.v. L\u1ee5a c\u00f3 ngu\u1ed3n g\u1ed1c t\u1eeb t\u1eb1m ch\u1ec9 \u0103n l\u00e1 d\u00e2u t\u1eb1m. Charmeuse m\u00f4 t\u1ea3 ki\u1ec3u d\u1ec7t cu\u1ed1i c\u00f9ng; n\u00f3 l\u00e0 l\u1ef1a ch\u1ecdn sang tr\u1ecdng nh\u1ea5t, \u0111\u01b0\u1ee3c bi\u1ebft \u0111\u1ebfn v\u1edbi v\u1ebb ngo\u00e0i b\u00f3ng b\u1ea9y. N\u00f3 th\u01b0\u1eddng \u0111\u01b0\u1ee3c t\u00ecm th\u1ea5y trong c\u00e1c m\u1eb7t h\u00e0ng gi\u01b0\u1eddng ng\u1ee7. V\u1ea3i l\u1ee5a m\u1ecfng v\u00e0 \u00edt ph\u1ed5 bi\u1ebfn h\u01a1n kh\u00e1c, ch\u1eb3ng h\u1ea1n nh\u01b0 chiffon ho\u1eb7c habotai c\u0169ng c\u00f3 th\u1ec3 \u0111\u01b0\u1ee3c s\u1eed d\u1ee5ng trong c\u00e1c lo\u1ea1i trang ph\u1ee5c kh\u00e1c.<\/p>\n<h3>15. Th\u1ebf N\u00e0o L\u00e0 L\u1ee5a Charmeuse v\u00e0 L\u1ee5a Satin?<\/h3>\n<p>L\u1ee5a c\u00f3 th\u1ec3 \u0111\u01b0\u1ee3c d\u1ec7t th\u00e0nh nhi\u1ec1u lo\u1ea1i v\u1ea3i d\u1ec7t, ch\u1eb3ng h\u1ea1n nh\u01b0 l\u1ee5a chiffon, l\u1ee5a crepe v\u00e0 l\u1ee5a charmeuse\/satin. Charmeuse v\u00e0 satin d\u00f9ng \u0111\u1ec3 ch\u1ec9 c\u00e1c lo\u1ea1i ki\u1ec3u d\u1ec7t c\u1ee5 th\u1ec3 \u0111\u1eb7c tr\u01b0ng b\u1edfi b\u1ec1 m\u1eb7t m\u1ecbn v\u00e0 c\u1ea3m gi\u00e1c sang tr\u1ecdng. Hai lo\u1ea1i v\u1ea3i n\u00e0y th\u1ef1c t\u1ebf l\u00e0 c\u00f9ng m\u1ed9t lo\u1ea1i ki\u1ec3u d\u1ec7t ch\u1eb7t, n\u1eb7ng v\u1edbi m\u1eb7t tr\u01b0\u1edbc b\u00f3ng v\u00e0 m\u1eb7t sau m\u1edd. Th\u00f4ng th\u01b0\u1eddng, satin ho\u1eb7c sateen b\u1ecb \u201cchi\u1ebfm \u0111o\u1ea1t\u201d b\u1edfi polyester \u0111\u1ec3 t\u1ea1o cho n\u00f3 \u0111\u1ed9 b\u00f3ng gi\u1ed1ng nh\u01b0 l\u1ee5a h\u01a1n. V\u00ec l\u00fd do n\u00e0y, c\u00e1c th\u01b0\u01a1ng hi\u1ec7u uy t\u00edn lu\u00f4n ph\u00e2n bi\u1ec7t r\u00f5 r\u00e0ng c\u00e1c s\u1ea3n ph\u1ea9m l\u00e0 &#8220;l\u1ee5a&#8221; v\u1edbi tham chi\u1ebfu \u0111\u1ebfn Charmeuse. C\u00e1c th\u01b0\u01a1ng hi\u1ec7u h\u00e0ng \u0111\u1ea7u ch\u1ecdn charmeuse v\u00ec ch\u00fang s\u1ebd s\u1eed d\u1ee5ng l\u1ee5a tr\u00ean th\u1ea3m \u0111\u1ecf.<\/p>\n<h3>16. Ga Tr\u1ea3i Gi\u01b0\u1eddng B\u1eb1ng L\u1ee5a C\u00f3 Th\u1ec3 D\u00f9ng \u0110\u01b0\u1ee3c Bao L\u00e2u?<\/h3>\n<p>Trung b\u00ecnh, ga tr\u1ea3i gi\u01b0\u1eddng b\u1eb1ng l\u1ee5a c\u00f3 th\u1ec3 d\u00f9ng \u0111\u01b0\u1ee3c kho\u1ea3ng 1 \u0111\u1ebfn 3 n\u0103m, v\u1edbi \u0111i\u1ec1u ki\u1ec7n ph\u1ea3i \u0111\u01b0\u1ee3c ch\u0103m s\u00f3c v\u00e0 s\u1eed d\u1ee5ng \u0111\u00fang c\u00e1ch. C\u00e1c bi\u1ebfn s\u1ed1 kh\u00e1c c\u0169ng c\u00f3 th\u1ec3 \u1ea3nh h\u01b0\u1edfng \u0111\u1ebfn tu\u1ed5i th\u1ecd c\u1ee7a ga tr\u1ea3i gi\u01b0\u1eddng. C\u00e1c y\u1ebfu t\u1ed1 c\u1ea7n c\u00e2n nh\u1eafc l\u00e0 tr\u1ecdng l\u01b0\u1ee3ng v\u00e0 ki\u1ec3u tung ng\u01b0\u1eddi, t\u1ea7n su\u1ea5t gi\u1eb7t. N\u1ebfu gi\u1eb7t qu\u00e1 nhi\u1ec1u, \u0111i\u1ec1u \u0111\u00f3 c\u00f3 th\u1ec3 l\u00e0m gi\u1ea3m tu\u1ed5i th\u1ecd c\u1ee7a ga. M\u00f4i tr\u01b0\u1eddng ph\u00f2ng ho\u1eb7c c\u00e1c \u0111i\u1ec1u ki\u1ec7n c\u00e1 nh\u00e2n ho\u1eb7c ng\u1ee7 kh\u00e1c c\u00f3 th\u1ec3 l\u00e0m gi\u1ea3m tu\u1ed5i th\u1ecd c\u1ee7a ga tr\u1ea3i gi\u01b0\u1eddng b\u1eb1ng l\u1ee5a.<\/p>\n<h3>17. Qu\u00e1 Tr\u00ecnh Nu\u00f4i T\u1eb1m C\u00f3 Li\u00ean Quan \u0110\u1ebfn Nh\u1eefng G\u00ec?<\/h3>\n<p>Nu\u00f4i t\u1eb1m \u0111\u1ec3 s\u1ea3n xu\u1ea5t l\u1ee5a \u0111\u00f2i h\u1ecfi nh\u1eefng n\u1ed7 l\u1ef1c \u0111\u00e1ng k\u1ec3 \u0111\u1ec3 t\u1ea1o ra c\u00e1c s\u1ee3i d\u1ec7t t\u1ed1t, \u0111\u00e1ng ch\u00fa \u00fd nh\u1ea5t l\u00e0 gi\u1eef ch\u00fang trong \u0111i\u1ec1u ki\u1ec7n y\u00ean t\u0129nh, h\u1ee3p v\u1ec7 sinh, \u0111\u1ed3ng th\u1eddi \u0111\u01b0\u1ee3c cung c\u1ea5p l\u00e1 d\u00e2u t\u1eb1m \u0111\u01b0\u1ee3c nu\u00f4i c\u1ea5y.<\/p>\n<h3>18. L\u1ee5a C\u00f3 Th\u00e2n Thi\u1ec7n V\u1edbi M\u00f4i Tr\u01b0\u1eddng Kh\u00f4ng?<\/h3>\n<p>N\u00f3i chung, l\u1ee5a t\u01a1 t\u1eb1m th\u00e2n thi\u1ec7n v\u1edbi m\u00f4i tr\u01b0\u1eddng do \u0111\u01b0\u1ee3c s\u1ea3n xu\u1ea5t b\u1edfi c\u00f4n tr\u00f9ng m\u00e0 kh\u00f4ng t\u1ea1o ra b\u1ea5t k\u1ef3 s\u1ea3n ph\u1ea9m ph\u1ee5 c\u00f3 h\u1ea1i n\u00e0o, t\u1ea1o ra m\u1ed9t v\u1eadt li\u1ec7u an to\u00e0n v\u00e0 b\u1ec1n v\u1eefng v\u1ec1 m\u00f4i tr\u01b0\u1eddng.<\/p>\n<h3>19. T\u1eb1m \u0110\u01b0\u1ee3c Thu Th\u1eadp \u1ede \u0110\u00e2u?<\/h3>\n<p>K\u00e9n t\u1eb1m \u0111\u01b0\u1ee3c thu gom \u1edf c\u00e1c l\u00e0ng qu\u00ea Trung Qu\u1ed1c, v\u00e0 vi\u1ec7c s\u1ea3n xu\u1ea5t di\u1ec5n ra \u1edf c\u00e1c c\u01a1 s\u1edf g\u1ea7n \u0111\u00f3, ch\u1ee7 y\u1ebfu l\u00e0 \u1edf Trung Qu\u1ed1c v\u00ec qu\u1ed1c gia n\u00e0y ph\u1ea7n l\u1edbn ch\u1ecbu tr\u00e1ch nhi\u1ec7m v\u1ec1 s\u1ea3n l\u01b0\u1ee3ng l\u1ee5a th\u1ebf gi\u1edbi.<\/p>\n<h3>20. Con \u0110\u01b0\u1eddng T\u01a1 L\u1ee5a B\u1eaft Ngu\u1ed3n T\u1eeb \u0110\u00e2u?<\/h3>\n<p>Con \u0111\u01b0\u1eddng T\u01a1 l\u1ee5a b\u1eaft \u0111\u1ea7u \u1edf Tr\u01b0\u1eddng An (nay l\u00e0 T\u00e2y An) v\u00e0 k\u00e9o d\u00e0i v\u1ec1 ph\u00eda t\u00e2y \u0111\u1ebfn \u0110\u1ecba Trung H\u1ea3i, c\u1ee5 th\u1ec3 l\u00e0 k\u1ebft n\u1ed1i Trung Qu\u1ed1c v\u1edbi th\u1ebf gi\u1edbi Iran qua Samarkand, n\u01a1i ng\u00e0y nay l\u00e0 Uzbekistan. V\u00e0o th\u1eddi \u0110\u1ebf ch\u1ebf La M\u00e3, kh\u00f4ng c\u00f3 con \u0111\u01b0\u1eddng giao th\u01b0\u01a1ng v\u00e0 v\u1eadn t\u1ea3i tr\u1ef1c ti\u1ebfp n\u00e0o \u0111\u01b0\u1ee3c bi\u1ebft gi\u1eefa Rome v\u00e0 Trung Qu\u1ed1c \u0111\u1ed1i v\u1edbi nh\u1eefng m\u1eb7t h\u00e0ng n\u00e0y, m\u00e0 thay v\u00e0o \u0111\u00f3, ng\u01b0\u1eddi ta cho r\u1eb1ng \u0111\u00f3 l\u00e0 m\u1ed9t tuy\u1ebfn \u0111\u01b0\u1eddng th\u1ee9 c\u1ea5p ho\u1eb7c th\u1ee9 ba v\u1edbi ng\u01b0\u1eddi La M\u00e3 mua t\u1eeb c\u00e1c nh\u00e0 cung c\u1ea5p th\u1ee9 c\u1ea5p \u1edf c\u00e1c \u0111\u1ecba \u0111i\u1ec3m kh\u00e1c nhau d\u1ecdc theo con \u0111\u01b0\u1eddng T\u01a1 l\u1ee5a, l\u00e0m cho tuy\u1ebfn \u0111\u01b0\u1eddng \u0111\u00f3 t\u1eeb \u0111i\u1ec3m b\u00e1n ch\u1ee9 kh\u00f4ng ph\u1ea3i m\u1ed9t v\u00f2ng l\u1eb7p l\u1edbn c\u1ee7a m\u1ed9t tuy\u1ebfn \u0111\u01b0\u1eddng.<\/p>\n<h3>21. S\u1ed1 S\u1ee3i Ch\u1ec9 C\u1ee7a L\u1ee5a L\u00e0 Bao Nhi\u00eau?<\/h3>\n<p>Khi \u0111o l\u1ee5a, Momme (tr\u1ecdng l\u01b0\u1ee3ng) \u0111\u01b0\u1ee3c \u01b0u ti\u00ean h\u01a1n v\u00e0 s\u1ed1 s\u1ee3i \u0111\u00e3 tr\u1edf th\u00e0nh th\u1ee9 y\u1ebfu. \u0110\u1ec3 tham kh\u1ea3o, c\u00e1c th\u01b0\u01a1ng hi\u1ec7u nh\u01b0 PandaSilk s\u1ebd c\u00f3 kho\u1ea3ng:<\/p>\n<table class=\"table table-striped table-bordered\">\n<thead>\n<tr>\n<th>Momme<\/th>\n<th>S\u1ed1 S\u1ee3i Ch\u1ec9<\/th>\n<\/tr>\n<\/thead>\n<tbody>\n<tr>\n<td>19 MM<\/td>\n<td>400<\/td>\n<\/tr>\n<tr>\n<td>22 MM<\/td>\n<td>600<\/td>\n<\/tr>\n<tr>\n<td>25 MM<\/td>\n<td>800<\/td>\n<\/tr>\n<tr>\n<td>30 MM<\/td>\n<td>1200<\/td>\n<\/tr>\n<\/tbody>\n<\/table>\n<h3>22. Ti\u00eau Chu\u1ea9n OEKO-TEX\u00ae 100 L\u00e0 G\u00ec?<\/h3>\n<p>Ti\u00eau chu\u1ea9n OEKO-TEX 100 l\u00e0 ch\u1ee9ng nh\u1eadn v\u00e0 h\u1ec7 th\u1ed1ng c\u1ee7a b\u00ean th\u1ee9 ba qu\u1ed1c t\u1ebf \u0111\u1ec3 \u0111\u1ea3m b\u1ea3o r\u1eb1ng c\u00e1c s\u1ea3n ph\u1ea9m d\u1ec7t \u0111\u00e3 \u0111\u01b0\u1ee3c ki\u1ec3m tra k\u1ef9 l\u01b0\u1ee1ng c\u00e1c ch\u1ea5t c\u00f3 h\u1ea1i, xem x\u00e9t m\u1ecdi giai \u0111o\u1ea1n. C\u00e1c lo\u1ea1i v\u1ea3i d\u1ec7t c\u00f3 ch\u1ee9ng nh\u1eadn n\u00e0y \u0111\u00e3 \u0111\u00e1p \u1ee9ng c\u00e1c ti\u00eau chu\u1ea9n c\u1ee7a h\u1ec7 th\u1ed1ng t\u1ea1i m\u1ed7i \u0111i\u1ec3m s\u1ea3n xu\u1ea5t c\u1ee7a ch\u00fang, c\u00f3 th\u1ec3 l\u00e0 s\u1ee3i ho\u1eb7c c\u00e1c s\u1ea3n ph\u1ea9m l\u00e0m s\u1eb5n, bao g\u1ed3m c\u1ea3 c\u00e1c ph\u1ee5 ki\u1ec7n kh\u00e1c nhau c\u1ee7a s\u1ea3n ph\u1ea9m. Ch\u1ee9ng nh\u1eadn cho ph\u00e9p g\u1eafn nh\u00e3n s\u1ea3n ph\u1ea9m, \u0111\u01b0\u1ee3c g\u1ecdi l\u00e0 &#8220;Tin t\u01b0\u1edfng v\u00e0o D\u1ec7t may&#8221;. M\u1ed9t c\u1ea5p \u0111\u1ed9 kh\u00e1c c\u0169ng bao g\u1ed3m tr\u00e1ch nhi\u1ec7m m\u00f4i tr\u01b0\u1eddng v\u1edbi c\u00e1c nh\u00e3n theo Ti\u00eau chu\u1ea9n Oeko-Tex 1000. T\u1ea5t c\u1ea3 \u0111\u01b0\u1ee3c ki\u1ec3m tra d\u1ef1a tr\u00ean th\u00e0nh ph\u1ea7n \u0111\u1ed9c \u0111\u00e1o c\u1ee7a t\u1eebng s\u1ea3n ph\u1ea9m \u1edf t\u1ea5t c\u1ea3 c\u00e1c giai \u0111o\u1ea1n s\u1ea3n xu\u1ea5t.<\/p>\n<h2>K\u1ebft Lu\u1eadn<\/h2>\n<p>L\u1ee5a, v\u1edbi l\u1ecbch s\u1eed phong ph\u00fa v\u00e0 s\u1ef1 h\u1ea5p d\u1eabn sang tr\u1ecdng c\u1ee7a n\u00f3, ti\u1ebfp t\u1ee5c l\u00e0 m\u1ed9t l\u1ef1a ch\u1ecdn ph\u1ed5 bi\u1ebfn cho c\u00e1c s\u1ea3n ph\u1ea9m th\u1eddi trang v\u00e0 \u0111\u1ed3 gia d\u1ee5ng. Vi\u1ec7c hi\u1ec3u c\u00e1c thu\u1ed9c t\u00ednh v\u00e0 \u0111\u1eb7c t\u00ednh c\u1ee7a l\u1ee5a cho ph\u00e9p ng\u01b0\u1eddi ti\u00eau d\u00f9ng \u0111\u01b0a ra nh\u1eefng quy\u1ebft \u0111\u1ecbnh s\u00e1ng su\u1ed1t v\u00e0 \u0111\u00e1nh gi\u00e1 \u0111\u1ea7y \u0111\u1ee7 c\u00e1c l\u1ee3i \u00edch c\u1ee7a n\u00f3. D\u00f9 b\u1ea1n l\u00e0 ng\u01b0\u1eddi mua s\u1eafm l\u1ee5a d\u00e0y d\u1ea1n hay ng\u01b0\u1eddi m\u1edbi ti\u1ebfp c\u1eadn, b\u00e0i vi\u1ebft n\u00e0y c\u00f3 m\u1ee5c \u0111\u00edch gi\u1ea3i \u0111\u00e1p c\u00e1c th\u1eafc m\u1eafc th\u01b0\u1eddng g\u1eb7p v\u00e0 cung c\u1ea5p m\u1ed9t c\u00e1i nh\u00ecn s\u00e2u s\u1eafc v\u1ec1 lo\u1ea1i v\u1ea3i tinh t\u1ebf n\u00e0y.<\/p>\n","protected":false},"excerpt":{"rendered":"<p>L\u1ee5a, m\u1ed9t ch\u1ea5t li\u1ec7u sang tr\u1ecdng v\u00e0 v\u01b0\u1ee3t th\u1eddi gian, \u0111\u00e3 quy\u1ebfn r\u0169 con ng\u01b0\u1eddi trong h\u00e0ng thi\u00ean ni\u00ean k\u1ef7. T\u1eeb ngu\u1ed3n g\u1ed1c c\u1ed5 x\u01b0a \u1edf Trung Qu\u1ed1c \u0111\u1ebfn s\u1ef1 hi\u1ec7n di\u1ec7n \u0111\u01b0\u01a1ng \u0111\u1ea1i trong th\u1eddi trang v\u00e0 \u0111\u1ed3 d\u1ec7t gia d\u1ee5ng, l\u1ee5a v\u1eabn l\u00e0 m\u1ed9t v\u1eadt li\u1ec7u \u0111\u01b0\u1ee3c khao kh\u00e1t. B\u00e0i vi\u1ebft n\u00e0y nh\u1eb1m<\/p>\n","protected":false},"author":1,"featured_media":1551,"parent":0,"menu_order":352,"comment_status":"closed","ping_status":"closed","template":"","meta":{"footnotes":""},"class_list":["post-116696","page","type-page","status-publish","has-post-thumbnail","hentry","prodpage-classic"],"aioseo_notices":[],"_links":{"self":[{"href":"https:\/\/www.pandasilk.com\/vi\/wp-json\/wp\/v2\/pages\/116696","targetHints":{"allow":["GET"]}}],"collection":[{"href":"https:\/\/www.pandasilk.com\/vi\/wp-json\/wp\/v2\/pages"}],"about":[{"href":"https:\/\/www.pandasilk.com\/vi\/wp-json\/wp\/v2\/types\/page"}],"author":[{"embeddable":true,"href":"https:\/\/www.pandasilk.com\/vi\/wp-json\/wp\/v2\/users\/1"}],"replies":[{"embeddable":true,"href":"https:\/\/www.pandasilk.com\/vi\/wp-json\/wp\/v2\/comments?post=116696"}],"version-history":[{"count":0,"href":"https:\/\/www.pandasilk.com\/vi\/wp-json\/wp\/v2\/pages\/116696\/revisions"}],"wp:featuredmedia":[{"embeddable":true,"href":"https:\/\/www.pandasilk.com\/vi\/wp-json\/wp\/v2\/media\/1551"}],"wp:attachment":[{"href":"https:\/\/www.pandasilk.com\/vi\/wp-json\/wp\/v2\/media?parent=116696"}],"curies":[{"name":"wp","href":"https:\/\/api.w.org\/{rel}","templated":true}]}}