{"id":128164,"date":"2015-05-18T05:41:32","date_gmt":"2015-05-17T21:41:32","guid":{"rendered":"https:\/\/www.pandasilk.com\/shipping-payment\/"},"modified":"2025-01-18T12:45:52","modified_gmt":"2025-01-18T20:45:52","slug":"shipping-payment","status":"publish","type":"page","link":"https:\/\/www.pandasilk.com\/vi\/shipping-payment\/","title":{"rendered":"Ch\u00ednh s\u00e1ch giao h\u00e0ng"},"content":{"rendered":"<p>H\u1ea7u h\u1ebft c\u00e1c m\u1eb7t h\u00e0ng (nh\u01b0 ga tr\u1ea3i gi\u01b0\u1eddng l\u1ee5a, v\u1ecf g\u1ed1i v\u00e0 qu\u1ea7n \u00e1o) \u0111\u01b0\u1ee3c x\u1eed l\u00fd v\u00e0 s\u1eb5n s\u00e0ng giao h\u00e0ng trong v\u00f2ng 5 ng\u00e0y l\u00e0m vi\u1ec7c. Tuy nhi\u00ean, th\u00eau Shu c\u1ee7a Trung Qu\u1ed1c theo y\u00eau c\u1ea7u c\u1ea7n v\u00e0i tu\u1ea7n v\u00e0 th\u1ea3m l\u1ee5a th\u1eaft n\u00fat b\u1eb1ng tay theo y\u00eau c\u1ea7u c\u00f3 th\u1ec3 m\u1ea5t h\u00e0ng th\u00e1ng. Ch\u00fang t\u00f4i v\u1eadn chuy\u1ec3n t\u1ea5t c\u1ea3 c\u00e1c \u0111\u01a1n \u0111\u1eb7t h\u00e0ng qua FedEx ho\u1eb7c EMS, th\u01b0\u1eddng giao h\u00e0ng trong v\u00f2ng 7 ng\u00e0y l\u00e0m vi\u1ec7c.<\/p>\n<p>M\u1ed9t kho\u1ea3n ph\u00ed v\u1eadn chuy\u1ec3n c\u1ed1 \u0111\u1ecbnh l\u00e0 25 \u0111\u00f4 la M\u1ef9 \u0111\u01b0\u1ee3c \u00e1p d\u1ee5ng. Xin l\u01b0u \u00fd r\u1eb1ng ch\u00fang t\u00f4i kh\u00f4ng th\u1ec3 v\u1eadn chuy\u1ec3n \u0111\u1ebfn h\u1ed9p th\u01b0 b\u01b0u \u0111i\u1ec7n ho\u1eb7c \u0111\u1ecba ch\u1ec9 qu\u00e2n s\u1ef1 (APO\/FPO).<\/p>\n<p>B\u1ea1n s\u1ebd nh\u1eadn \u0111\u01b0\u1ee3c email x\u00e1c nh\u1eadn v\u1eadn chuy\u1ec3n k\u00e8m theo s\u1ed1 theo d\u00f5i.<\/p>\n<p>N\u1ebfu G\u00f3i H\u00e0ng c\u1ee7a B\u1ea1n \u0110\u1ebfn B\u1ecb H\u01b0 H\u1ecfng: Vui l\u00f2ng ch\u1ee5p \u1ea3nh nh\u00e3n FedEx v\u00e0 c\u00e1c m\u1eb7t h\u00e0ng b\u1ecb h\u01b0 h\u1ecfng, sau \u0111\u00f3 g\u1eedi email cho ch\u00fang t\u00f4i theo \u0111\u1ecba ch\u1ec9 info@pandasilk.com. Gi\u1eef l\u1ea1i t\u1ea5t c\u1ea3 bao b\u00ec g\u1ed1c v\u00e0 h\u00e0ng h\u00f3a b\u1ecb h\u01b0 h\u1ecfng.<\/p>\n","protected":false},"excerpt":{"rendered":"<p>H\u1ea7u h\u1ebft c\u00e1c m\u1eb7t h\u00e0ng (nh\u01b0 ga tr\u1ea3i gi\u01b0\u1eddng l\u1ee5a, v\u1ecf g\u1ed1i v\u00e0 qu\u1ea7n \u00e1o) \u0111\u01b0\u1ee3c x\u1eed l\u00fd v\u00e0 s\u1eb5n s\u00e0ng giao h\u00e0ng trong v\u00f2ng 5 ng\u00e0y l\u00e0m vi\u1ec7c. Tuy nhi\u00ean, th\u00eau Shu c\u1ee7a Trung Qu\u1ed1c theo y\u00eau c\u1ea7u c\u1ea7n v\u00e0i tu\u1ea7n v\u00e0 th\u1ea3m l\u1ee5a th\u1eaft n\u00fat b\u1eb1ng tay theo y\u00eau c\u1ea7u c\u00f3 th\u1ec3 m\u1ea5t<\/p>\n","protected":false},"author":1,"featured_media":6253,"parent":0,"menu_order":38,"comment_status":"closed","ping_status":"closed","template":"","meta":{"footnotes":""},"class_list":["post-128164","page","type-page","status-publish","has-post-thumbnail","hentry","prodpage-classic"],"aioseo_notices":[],"_links":{"self":[{"href":"https:\/\/www.pandasilk.com\/vi\/wp-json\/wp\/v2\/pages\/128164","targetHints":{"allow":["GET"]}}],"collection":[{"href":"https:\/\/www.pandasilk.com\/vi\/wp-json\/wp\/v2\/pages"}],"about":[{"href":"https:\/\/www.pandasilk.com\/vi\/wp-json\/wp\/v2\/types\/page"}],"author":[{"embeddable":true,"href":"https:\/\/www.pandasilk.com\/vi\/wp-json\/wp\/v2\/users\/1"}],"replies":[{"embeddable":true,"href":"https:\/\/www.pandasilk.com\/vi\/wp-json\/wp\/v2\/comments?post=128164"}],"version-history":[{"count":0,"href":"https:\/\/www.pandasilk.com\/vi\/wp-json\/wp\/v2\/pages\/128164\/revisions"}],"wp:featuredmedia":[{"embeddable":true,"href":"https:\/\/www.pandasilk.com\/vi\/wp-json\/wp\/v2\/media\/6253"}],"wp:attachment":[{"href":"https:\/\/www.pandasilk.com\/vi\/wp-json\/wp\/v2\/media?parent=128164"}],"curies":[{"name":"wp","href":"https:\/\/api.w.org\/{rel}","templated":true}]}}