{"id":128197,"date":"2015-05-18T05:31:03","date_gmt":"2015-05-17T21:31:03","guid":{"rendered":"https:\/\/www.pandasilk.com\/privacy-policy\/"},"modified":"2025-01-18T12:45:27","modified_gmt":"2025-01-18T20:45:27","slug":"privacy-policy","status":"publish","type":"page","link":"https:\/\/www.pandasilk.com\/vi\/privacy-policy\/","title":{"rendered":"Ch\u00ednh s\u00e1ch b\u1ea3o m\u1eadt"},"content":{"rendered":"<p>PandaSilk nh\u1eadn th\u1ee9c \u0111\u01b0\u1ee3c t\u1ea7m quan tr\u1ecdng c\u1ee7a vi\u1ec7c b\u1ea3o v\u1ec7 quy\u1ec1n ri\u00eang t\u01b0 c\u1ee7a b\u1ea1n v\u00e0 cam k\u1ebft \u0111\u1ea3m b\u1ea3o an ninh cho th\u00f4ng tin c\u00e1 nh\u00e2n c\u1ee7a b\u1ea1n. Ch\u00ednh s\u00e1ch B\u1ea3o m\u1eadt n\u00e0y ph\u00e1c th\u1ea3o c\u00e1ch ch\u00fang t\u00f4i thu th\u1eadp, s\u1eed d\u1ee5ng v\u00e0 b\u1ea3o v\u1ec7 d\u1eef li\u1ec7u c\u1ee7a b\u1ea1n khi b\u1ea1n t\u01b0\u01a1ng t\u00e1c v\u1edbi trang web c\u1ee7a ch\u00fang t\u00f4i.<\/p>\n<h3>S\u1eed D\u1ee5ng Cookie<\/h3>\n<p>\u0110\u1ec3 n\u00e2ng cao tr\u1ea3i nghi\u1ec7m duy\u1ec7t web c\u1ee7a b\u1ea1n v\u00e0 t\u1ea1o \u0111i\u1ec1u ki\u1ec7n thu\u1eadn l\u1ee3i cho quy tr\u00ecnh mua s\u1eafm li\u1ec1n m\u1ea1ch, ch\u00fang t\u00f4i s\u1eed d\u1ee5ng cookie tr\u00ean trang web c\u1ee7a m\u00ecnh. Cookie l\u00e0 c\u00e1c t\u1ec7p d\u1eef li\u1ec7u \u0111\u01b0\u1ee3c m\u00e3 h\u00f3a nh\u1ecf ch\u1ee9a th\u00f4ng tin nh\u1eadn d\u1ea1ng ng\u01b0\u1eddi d\u00f9ng duy nh\u1ea5t. C\u00e1c t\u1ec7p n\u00e0y \u0111\u01b0\u1ee3c l\u01b0u tr\u1eef an to\u00e0n tr\u00ean m\u00e1y ch\u1ee7 c\u1ee7a ch\u00fang t\u00f4i v\u00e0 c\u00f3 th\u1ec3 \u0111\u01b0\u1ee3c \u0111\u1eb7t tr\u00ean \u1ed5 c\u1ee9ng m\u00e1y t\u00ednh c\u1ee7a b\u1ea1n. Cookie gi\u00fap ch\u00fang t\u00f4i:<\/p>\n<p>Ghi nh\u1edb c\u00e1c m\u1eb7t h\u00e0ng trong gi\u1ecf h\u00e0ng c\u1ee7a b\u1ea1n: \u0110i\u1ec1u n\u00e0y \u0111\u1ea3m b\u1ea3o b\u1ea1n kh\u00f4ng l\u00e0m m\u1ea5t c\u00e1c s\u1ea3n ph\u1ea9m \u0111\u00e3 ch\u1ecdn khi b\u1ea1n \u0111i\u1ec1u h\u01b0\u1edbng trang web c\u1ee7a ch\u00fang t\u00f4i.<\/p>\n<p>C\u1ea3i thi\u1ec7n ch\u1ee9c n\u0103ng trang web: Cookie gi\u00fap ch\u00fang t\u00f4i hi\u1ec3u c\u00e1ch ng\u01b0\u1eddi d\u00f9ng t\u01b0\u01a1ng t\u00e1c v\u1edbi trang web c\u1ee7a m\u00ecnh, cho ph\u00e9p ch\u00fang t\u00f4i t\u1ed1i \u01b0u h\u00f3a v\u00e0 c\u1ea3i thi\u1ec7n tr\u1ea3i nghi\u1ec7m t\u1ed5ng th\u1ec3 c\u1ee7a b\u1ea1n.<\/p>\n<p>Cung c\u1ea5p tr\u1ea3i nghi\u1ec7m \u0111\u01b0\u1ee3c c\u00e1 nh\u00e2n h\u00f3a h\u01a1n: Cookie c\u00f3 th\u1ec3 cho ph\u00e9p ch\u00fang t\u00f4i \u0111i\u1ec1u ch\u1ec9nh n\u1ed9i dung v\u00e0 \u0111\u1ec1 xu\u1ea5t theo s\u1edf th\u00edch c\u1ee5 th\u1ec3 c\u1ee7a b\u1ea1n.<\/p>\n<h3>Mua S\u1eafm An To\u00e0n HTTPS<\/h3>\n<p>Ch\u00fang t\u00f4i \u01b0u ti\u00ean b\u1ea3o m\u1eadt th\u00f4ng tin nh\u1ea1y c\u1ea3m c\u1ee7a b\u1ea1n. Khi b\u1ea1n nh\u1eadp th\u00f4ng tin c\u00e1 nh\u00e2n nh\u01b0 th\u00f4ng tin t\u00e0i kho\u1ea3n PayPal, \u0111\u1ecba ch\u1ec9 email ho\u1eb7c s\u1ed1 th\u1ebb t\u00edn d\u1ee5ng tr\u00ean Trang Thanh to\u00e1n c\u1ee7a ch\u00fang t\u00f4i, ch\u00fang t\u00f4i s\u1eed d\u1ee5ng c\u00f4ng ngh\u1ec7 m\u00e3 h\u00f3a d\u1eef li\u1ec7u Secure Socket Layer (SSL). C\u00f4ng ngh\u1ec7 ti\u00eau chu\u1ea9n ng\u00e0nh n\u00e0y \u0111\u1ea3m b\u1ea3o r\u1eb1ng t\u1ea5t c\u1ea3 d\u1eef li\u1ec7u \u0111\u01b0\u1ee3c truy\u1ec1n gi\u1eefa tr\u00ecnh duy\u1ec7t c\u1ee7a b\u1ea1n v\u00e0 m\u00e1y ch\u1ee7 c\u1ee7a ch\u00fang t\u00f4i \u0111\u01b0\u1ee3c m\u00e3 h\u00f3a, khi\u1ebfn d\u1eef li\u1ec7u kh\u00f4ng th\u1ec3 \u0111\u1ecdc \u0111\u01b0\u1ee3c \u0111\u1ed1i v\u1edbi c\u00e1c b\u00ean tr\u00e1i ph\u00e9p. Bi\u1ec7n ph\u00e1p b\u1ea3o m\u1eadt m\u1ea1nh m\u1ebd n\u00e0y b\u1ea3o v\u1ec7 d\u1eef li\u1ec7u thanh to\u00e1n v\u00e0 d\u1eef li\u1ec7u c\u00e1 nh\u00e2n c\u1ee7a b\u1ea1n trong c\u00e1c giao d\u1ecbch c\u1ee7a b\u1ea1n v\u1edbi ch\u00fang t\u00f4i.<\/p>\n<h3>Thu Th\u1eadp v\u00e0 S\u1eed D\u1ee5ng Th\u00f4ng Tin C\u00e1 Nh\u00e2n C\u1ee7a B\u1ea1n<\/h3>\n<p>\u0110\u1ec3 x\u1eed l\u00fd \u0111\u01a1n h\u00e0ng c\u1ee7a b\u1ea1n m\u1ed9t c\u00e1ch hi\u1ec7u qu\u1ea3, th\u00f4ng b\u00e1o cho b\u1ea1n v\u1ec1 c\u00e1c c\u1eadp nh\u1eadt li\u00ean quan v\u00e0 li\u00ean t\u1ee5c c\u1ea3i thi\u1ec7n tr\u1ea3i nghi\u1ec7m mua s\u1eafm c\u1ee7a b\u1ea1n, ch\u00fang t\u00f4i thu th\u1eadp m\u1ed9t s\u1ed1 th\u00f4ng tin nh\u1ea5t \u0111\u1ecbnh t\u1eeb b\u1ea1n. Th\u00f4ng tin n\u00e0y c\u00f3 th\u1ec3 bao g\u1ed3m:<\/p>\n<p>\u0110\u1ecba ch\u1ec9 Email: \u0110\u01b0\u1ee3c s\u1eed d\u1ee5ng \u0111\u1ec3 g\u1eedi th\u00f4ng b\u00e1o x\u00e1c nh\u1eadn \u0111\u01a1n h\u00e0ng, th\u00f4ng b\u00e1o v\u1eadn chuy\u1ec3n v\u00e0 c\u00e1c c\u1eadp nh\u1eadt quan tr\u1ecdng v\u1ec1 PandaSilk.<\/p>\n<p>\u0110\u1ecba ch\u1ec9 giao h\u00e0ng: B\u1eaft bu\u1ed9c \u0111\u1ec3 giao c\u00e1c s\u1ea3n ph\u1ea9m b\u1ea1n \u0111\u00e3 mua.<\/p>\n<h3>Quy\u1ec1n Ri\u00eang T\u01b0 C\u1ee7a B\u1ea1n L\u00e0 Quan Tr\u1ecdng Nh\u1ea5t<\/h3>\n<p>Ch\u00fang t\u00f4i \u0111\u1ea3m b\u1ea3o v\u1edbi b\u1ea1n r\u1eb1ng m\u1ecdi th\u00f4ng tin c\u00e1 nh\u00e2n b\u1ea1n g\u1eedi \u0111\u1ebfn trang web c\u1ee7a ch\u00fang t\u00f4i \u0111\u1ec1u \u0111\u01b0\u1ee3c x\u1eed l\u00fd v\u1edbi s\u1ef1 b\u1ea3o m\u1eadt v\u00e0 b\u00ed m\u1eadt cao nh\u1ea5t. Ch\u00fang t\u00f4i s\u1eed d\u1ee5ng c\u00e1c bi\u1ec7n ph\u00e1p h\u1ee3p l\u00fd \u0111\u1ec3 b\u1ea3o v\u1ec7 d\u1eef li\u1ec7u c\u1ee7a b\u1ea1n kh\u1ecfi b\u1ecb truy c\u1eadp, s\u1eed d\u1ee5ng ho\u1eb7c ti\u1ebft l\u1ed9 tr\u00e1i ph\u00e9p. Ch\u00fang t\u00f4i cam k\u1ebft duy tr\u00ec quy\u1ec1n ri\u00eang t\u01b0 c\u1ee7a b\u1ea1n v\u00e0 x\u00e2y d\u1ef1ng m\u1ed1i quan h\u1ec7 tin c\u1eady.<\/p>\n","protected":false},"excerpt":{"rendered":"<p>PandaSilk nh\u1eadn th\u1ee9c \u0111\u01b0\u1ee3c t\u1ea7m quan tr\u1ecdng c\u1ee7a vi\u1ec7c b\u1ea3o v\u1ec7 quy\u1ec1n ri\u00eang t\u01b0 c\u1ee7a b\u1ea1n v\u00e0 cam k\u1ebft \u0111\u1ea3m b\u1ea3o an ninh cho th\u00f4ng tin c\u00e1 nh\u00e2n c\u1ee7a b\u1ea1n. Ch\u00ednh s\u00e1ch B\u1ea3o m\u1eadt n\u00e0y ph\u00e1c th\u1ea3o c\u00e1ch ch\u00fang t\u00f4i thu th\u1eadp, s\u1eed d\u1ee5ng v\u00e0 b\u1ea3o v\u1ec7 d\u1eef li\u1ec7u c\u1ee7a b\u1ea1n khi b\u1ea1n t\u01b0\u01a1ng t\u00e1c<\/p>\n","protected":false},"author":1,"featured_media":1557,"parent":0,"menu_order":39,"comment_status":"closed","ping_status":"closed","template":"","meta":{"footnotes":""},"class_list":["post-128197","page","type-page","status-publish","has-post-thumbnail","hentry","prodpage-classic"],"aioseo_notices":[],"_links":{"self":[{"href":"https:\/\/www.pandasilk.com\/vi\/wp-json\/wp\/v2\/pages\/128197","targetHints":{"allow":["GET"]}}],"collection":[{"href":"https:\/\/www.pandasilk.com\/vi\/wp-json\/wp\/v2\/pages"}],"about":[{"href":"https:\/\/www.pandasilk.com\/vi\/wp-json\/wp\/v2\/types\/page"}],"author":[{"embeddable":true,"href":"https:\/\/www.pandasilk.com\/vi\/wp-json\/wp\/v2\/users\/1"}],"replies":[{"embeddable":true,"href":"https:\/\/www.pandasilk.com\/vi\/wp-json\/wp\/v2\/comments?post=128197"}],"version-history":[{"count":0,"href":"https:\/\/www.pandasilk.com\/vi\/wp-json\/wp\/v2\/pages\/128197\/revisions"}],"wp:featuredmedia":[{"embeddable":true,"href":"https:\/\/www.pandasilk.com\/vi\/wp-json\/wp\/v2\/media\/1557"}],"wp:attachment":[{"href":"https:\/\/www.pandasilk.com\/vi\/wp-json\/wp\/v2\/media?parent=128197"}],"curies":[{"name":"wp","href":"https:\/\/api.w.org\/{rel}","templated":true}]}}