{"id":140462,"date":"2017-02-10T23:13:11","date_gmt":"2017-02-11T07:13:11","guid":{"rendered":"https:\/\/www.pandasilk.com\/product\/25-momme-silk-duvet-cover\/"},"modified":"2026-04-26T20:55:48","modified_gmt":"2026-04-27T03:55:48","slug":"25-momme-silk-duvet-cover","status":"publish","type":"product","link":"https:\/\/www.pandasilk.com\/vi\/product\/25-momme-silk-duvet-cover\/","title":{"rendered":"V\u1ecf ch\u0103n l\u1ee5a 25 Momme"},"content":{"rendered":"<p>T\u1eadn h\u01b0\u1edfng s\u1ef1 sang tr\u1ecdng tuy\u1ec7t \u0111\u1ed1i v\u1edbi b\u1ed9 ga tr\u1ea3i gi\u01b0\u1eddng b\u1eb1ng t\u01a1 t\u1eb1m Mulberry 25 Momme li\u1ec1n m\u1ea1ch c\u1ee7a ch\u00fang t\u00f4i. \u0110\u01b0\u1ee3c l\u00e0m t\u1eeb ch\u1ea5t li\u1ec7u t\u01a1 t\u1eb1m Mulberry 100% lo\u1ea1i 6A cao c\u1ea5p, b\u1ed9 ga tr\u1ea3i gi\u01b0\u1eddng n\u00e0y mang \u0111\u1ebfn tr\u1ea3i nghi\u1ec7m ng\u1ee7 \u00eam \u00e1i v\u00e0 tho\u1ea3i m\u00e1i \u0111\u1ebfn ng\u1ea1c nhi\u00ean. C\u00f3 s\u1eb5n trong nhi\u1ec1u m\u00e0u s\u1eafc v\u00e0 k\u00edch th\u01b0\u1edbc trang nh\u00e3, n\u00f3 s\u1ebd bi\u1ebfn ph\u00f2ng ng\u1ee7 c\u1ee7a b\u1ea1n th\u00e0nh thi\u00ean \u0111\u01b0\u1eddng th\u01b0 gi\u00e3n tinh t\u1ebf.<\/p>\n<h3>T\u00ednh n\u0103ng<\/h3>\n<ul>\n<li>Ch\u1ea5t li\u1ec7u: \u0110\u01b0\u1ee3c l\u00e0m t\u1eeb 100% t\u01a1 t\u1eb1m Mulberry 25 Momme nguy\u00ean ch\u1ea5t, s\u1ee3i d\u00e0i (Lo\u1ea1i 6A).<\/li>\n<li>V\u1ea3i: D\u1ec7t Charmeuse t\u1ea1o \u0111\u1ed9 b\u00f3ng m\u01b0\u1ee3t, \u00f3ng \u00e1nh.<\/li>\n<li>M\u1eadt \u0111\u1ed9 s\u1ee3i: 800 gi\u00fap t\u0103ng \u0111\u1ed9 b\u1ec1n v\u00e0 ch\u1ea5t l\u01b0\u1ee3ng t\u01a1 t\u1eb1m.<\/li>\n<li>Thi\u1ebft k\u1ebf li\u1ec1n m\u1ea1ch: \u0110\u1ea3m b\u1ea3o b\u1ec1 m\u1eb7t tr\u01a1n tru, kh\u00f4ng b\u1ecb gi\u00e1n \u0111o\u1ea1n.<\/li>\n<li>M\u00e0u s\u1eafc: C\u00f3 s\u1eb5n m\u00e0u \u0110en c\u1ed5 \u0111i\u1ec3n, T\u00edm \u0111\u1eadm, Ng\u00e0 v\u00e0 Tr\u1eafng.<\/li>\n<li>K\u00edch th\u01b0\u1edbc: C\u00f3 s\u1eb5n c\u00e1c k\u00edch th\u01b0\u1edbc Twin, Full, Queen, King v\u00e0 California King.<\/li>\n<li>Ch\u1ee9ng nh\u1eadn qu\u1ed1c t\u1ebf: \u0110\u01b0\u1ee3c ch\u1ee9ng nh\u1eadn ti\u00eau chu\u1ea9n OEKO-TEX Standard 100, \u0111\u1ea3m b\u1ea3o v\u1ea3i kh\u00f4ng ch\u1ee9a c\u00e1c ch\u1ea5t \u0111\u1ed9c h\u1ea1i.<\/li>\n<\/ul>\n<h3>\u01afu \u0111i\u1ec3m &amp; L\u1ee3i \u00edch cho s\u1ee9c kh\u1ecfe<\/h3>\n<ul>\n<li>Tho\u1ea3i m\u00e1i t\u1ed1i \u0111a: K\u1ebft c\u1ea5u m\u1ec1m m\u1ea1i v\u00e0 m\u01b0\u1ee3t m\u00e0 \u0111\u1eb7c bi\u1ec7t c\u1ee7a t\u01a1 t\u1eb1m Mulberry 25 momme t\u1ea1o ra tr\u1ea3i nghi\u1ec7m gi\u1ea5c ng\u1ee7 sang tr\u1ecdng.<\/li>\n<li>\u0110i\u1ec1u ch\u1ec9nh nhi\u1ec7t \u0111\u1ed9: S\u1ee3i t\u01a1 t\u1eb1m t\u1ef1 nhi\u00ean gi\u00fap \u0111i\u1ec1u ch\u1ec9nh nhi\u1ec7t \u0111\u1ed9 c\u01a1 th\u1ec3, gi\u1eef cho b\u1ea1n m\u00e1t m\u1ebb v\u00e0o m\u00f9a h\u00e8 v\u00e0 \u1ea5m \u00e1p v\u00e0o m\u00f9a \u0111\u00f4ng.<\/li>\n<li>Kh\u00f4ng g\u00e2y d\u1ecb \u1ee9ng: T\u01a1 t\u1eb1m t\u1ef1 nhi\u00ean kh\u00f4ng g\u00e2y d\u1ecb \u1ee9ng v\u00e0 kh\u00e1ng l\u1ea1i ve b\u1ee5i, l\u00e0 l\u1ef1a ch\u1ecdn l\u00fd t\u01b0\u1edfng cho nh\u1eefng ng\u01b0\u1eddi b\u1ecb d\u1ecb \u1ee9ng ho\u1eb7c c\u00f3 l\u00e0n da nh\u1ea1y c\u1ea3m.<\/li>\n<li>Nh\u1eb9 nh\u00e0ng v\u1edbi da v\u00e0 t\u00f3c: B\u1ec1 m\u1eb7t m\u1ecbn m\u00e0ng gi\u1ea3m ma s\u00e1t, gi\u1ea3m thi\u1ec3u n\u1ebfp nh\u0103n tr\u00ean da v\u00e0 gi\u1ea3m r\u1ed1i, g\u00e3y r\u1ee5ng t\u00f3c.<\/li>\n<li>Tho\u00e1ng kh\u00ed: Cho ph\u00e9p l\u01b0u th\u00f4ng kh\u00f4ng kh\u00ed t\u1ed1t h\u01a1n, gi\u00fap gi\u1ea5c ng\u1ee7 ngon h\u01a1n.<\/li>\n<li>\u0110\u1ed9 b\u1ec1n l\u00e2u d\u00e0i: Tr\u1ecdng l\u01b0\u1ee3ng momme cao (25) v\u00e0 ch\u1ea5t l\u01b0\u1ee3ng t\u01a1 t\u1eb1m s\u1ee3i d\u00e0i gi\u00fap s\u1ea3n ph\u1ea9m b\u1ec1n v\u00e0 l\u00e0 m\u1ed9t kho\u1ea3n \u0111\u1ea7u t\u01b0 l\u00e2u d\u00e0i.<\/li>\n<\/ul>\n<h3>H\u01b0\u1edbng d\u1eabn ch\u0103m s\u00f3c<\/h3>\n<ul>\n<li>Gi\u1eb7t tay \u0111\u01b0\u1ee3c khuy\u1ebfn kh\u00edch: Nh\u1eb9 nh\u00e0ng gi\u1eb7t tay trong n\u01b0\u1edbc l\u1ea1nh v\u1edbi ch\u1ea5t t\u1ea9y r\u1eeda nh\u1eb9 \u0111\u01b0\u1ee3c thi\u1ebft k\u1ebf \u0111\u1eb7c bi\u1ec7t cho t\u01a1 t\u1eb1m.<\/li>\n<li>C\u00f3 th\u1ec3 gi\u1eb7t m\u00e1y: N\u1ebfu gi\u1eb7t m\u00e1y, h\u00e3y s\u1eed d\u1ee5ng ch\u1ebf \u0111\u1ed9 gi\u1eb7t nh\u1eb9, n\u01b0\u1edbc l\u1ea1nh v\u00e0 t\u00fai l\u01b0\u1edbi gi\u1eb7t \u0111\u1ec3 b\u1ea3o v\u1ec7 v\u1ea3i.<\/li>\n<li>Tr\u00e1nh s\u1eed d\u1ee5ng thu\u1ed1c t\u1ea9y: Kh\u00f4ng bao gi\u1edd s\u1eed d\u1ee5ng thu\u1ed1c t\u1ea9y ho\u1eb7c h\u00f3a ch\u1ea5t m\u1ea1nh, v\u00ec ch\u00fang c\u00f3 th\u1ec3 l\u00e0m h\u1ecfng s\u1ee3i t\u01a1 t\u1eb1m.<\/li>\n<li>Ph\u01a1i ph\u1eb3ng: Ph\u01a1i b\u1ed9 ga tr\u1ea3i gi\u01b0\u1eddng ph\u1eb3ng \u0111\u1ec3 kh\u00f4, tr\u00e1nh \u00e1nh n\u1eafng tr\u1ef1c ti\u1ebfp v\u00e0 nhi\u1ec7t \u0111\u1ed9 cao.<\/li>\n<li>Kh\u00f4ng s\u1ea5y kh\u00f4: S\u1ea5y kh\u00f4 c\u00f3 th\u1ec3 l\u00e0m h\u1ecfng t\u01a1 t\u1eb1m.<\/li>\n<li>L\u00e0 \u1ee7i: N\u1ebfu c\u1ea7n, \u1ee7i \u1edf nhi\u1ec7t \u0111\u1ed9 th\u1ea5p v\u1edbi m\u1ed9t t\u1ea5m v\u1ea3i gi\u1eefa b\u00e0n \u1ee7i v\u00e0 t\u01a1 t\u1eb1m.<\/li>\n<li>B\u1ea3o qu\u1ea3n: B\u1ea3o qu\u1ea3n \u1edf n\u01a1i kh\u00f4 r\u00e1o, tho\u00e1ng m\u00e1t, tr\u00e1nh \u00e1nh n\u1eafng tr\u1ef1c ti\u1ebfp \u0111\u1ec3 gi\u1eef \u0111\u01b0\u1ee3c ch\u1ea5t l\u01b0\u1ee3ng v\u00e0 m\u00e0u s\u1eafc.<\/li>\n<\/ul>\n","protected":false},"excerpt":{"rendered":"<p>V\u1ea3i charmeuse l\u1ee5a t\u01a1 t\u1eb1m d\u00e2u t\u1eb1m 6A lo\u1ea1i 100%. Ch\u1ea5t li\u1ec7u: V\u1ea3i l\u1ee5a 25 momme, 100% t\u01a1 t\u1eb1m d\u00e2u t\u1eb1m. M\u00e0u s\u1eafc: \u0110en, t\u00edm \u0111\u1eadm, kem, tr\u1eafng. K\u00edch th\u01b0\u1edbc: Twin, Full, Queen, King, California King.<\/p>\n","protected":false},"featured_media":48905,"comment_status":"open","ping_status":"closed","template":"","meta":[],"product_brand":[],"product_cat":[38013],"product_tag":[],"class_list":{"0":"post-140462","1":"product","2":"type-product","3":"status-publish","4":"has-post-thumbnail","6":"product_cat-silk-bedding-vi","7":"tm-no-options","9":"first","10":"instock","11":"shipping-taxable","12":"product-type-external","13":"prodpage-classic"},"aioseo_notices":[],"_links":{"self":[{"href":"https:\/\/www.pandasilk.com\/vi\/wp-json\/wp\/v2\/product\/140462","targetHints":{"allow":["GET"]}}],"collection":[{"href":"https:\/\/www.pandasilk.com\/vi\/wp-json\/wp\/v2\/product"}],"about":[{"href":"https:\/\/www.pandasilk.com\/vi\/wp-json\/wp\/v2\/types\/product"}],"replies":[{"embeddable":true,"href":"https:\/\/www.pandasilk.com\/vi\/wp-json\/wp\/v2\/comments?post=140462"}],"wp:featuredmedia":[{"embeddable":true,"href":"https:\/\/www.pandasilk.com\/vi\/wp-json\/wp\/v2\/media\/48905"}],"wp:attachment":[{"href":"https:\/\/www.pandasilk.com\/vi\/wp-json\/wp\/v2\/media?parent=140462"}],"wp:term":[{"taxonomy":"product_brand","embeddable":true,"href":"https:\/\/www.pandasilk.com\/vi\/wp-json\/wp\/v2\/product_brand?post=140462"},{"taxonomy":"product_cat","embeddable":true,"href":"https:\/\/www.pandasilk.com\/vi\/wp-json\/wp\/v2\/product_cat?post=140462"},{"taxonomy":"product_tag","embeddable":true,"href":"https:\/\/www.pandasilk.com\/vi\/wp-json\/wp\/v2\/product_tag?post=140462"}],"curies":[{"name":"wp","href":"https:\/\/api.w.org\/{rel}","templated":true}]}}