{"id":164875,"date":"2026-01-13T01:54:41","date_gmt":"2026-01-13T09:54:41","guid":{"rendered":"https:\/\/www.pandasilk.com\/product\/silk-cheongsam\/"},"modified":"2026-02-28T06:45:31","modified_gmt":"2026-02-28T14:45:31","slug":"silk-cheongsam","status":"publish","type":"product","link":"https:\/\/www.pandasilk.com\/vi\/product\/silk-cheongsam\/","title":{"rendered":"S\u01b0\u1eddn X\u00e1m L\u1ee5a"},"content":{"rendered":"<p>T\u00f4n vinh n\u00e9t duy\u00ean d\u00e1ng v\u00e0 v\u1ebb \u0111\u1eb9p c\u1ee7a trang ph\u1ee5c truy\u1ec1n th\u1ed1ng Trung Hoa v\u1edbi chi\u1ebfc s\u01b0\u1eddn x\u00e1m l\u1ee5a \u0111\u01b0\u1ee3c ch\u1ebf t\u00e1c tinh x\u1ea3o c\u1ee7a ch\u00fang t\u00f4i. C\u00f2n \u0111\u01b0\u1ee3c bi\u1ebft \u0111\u1ebfn v\u1edbi t\u00ean g\u1ecdi x\u01b0\u1eddng x\u00e1m (qipao), chi\u1ebfc v\u00e1y li\u1ec1n th\u00e2n n\u00e0y l\u00e0 bi\u1ec3u t\u01b0\u1ee3ng c\u1ee7a s\u1ef1 n\u1eef t\u00ednh v\u00e0 di s\u1ea3n v\u0103n h\u00f3a. Phi\u00ean b\u1ea3n hi\u1ec7n \u0111\u1ea1i c\u1ee7a ch\u00fang t\u00f4i \u0111\u01b0\u1ee3c may t\u1eeb lo\u1ea1i l\u1ee5a t\u01a1 t\u1eb1m cao c\u1ea5p nh\u1ea5t, n\u1ed5i ti\u1ebfng v\u1edbi \u0111\u1ed9 m\u1ec1m m\u1ea1i, tho\u00e1ng kh\u00ed v\u00e0 \u0111\u1ed9 r\u0169 tuy\u1ec7t \u0111\u1eb9p.<\/p>\n<p>Chi\u1ebfc v\u00e1y thanh l\u1ecbch n\u00e0y c\u00f3 thi\u1ebft k\u1ebf c\u1ed5 t\u00e0u c\u1ed5 \u0111i\u1ec3n v\u00e0 \u0111\u01b0\u1ee3c trang tr\u00ed b\u1eb1ng c\u00e1c h\u1ecda ti\u1ebft hoa th\u00eau tay tinh x\u1ea3o. D\u00e1ng v\u00e1y \u00f4m \u0111\u01b0\u1ee3c thi\u1ebft k\u1ebf \u0111\u1ec3 t\u00f4n l\u00ean v\u00f3c d\u00e1ng c\u1ee7a b\u1ea1n, trong khi \u0111\u01b0\u1eddng x\u1ebb t\u00e0 b\u00ean h\u00f4ng mang l\u1ea1i n\u00e9t quy\u1ebfn r\u0169 v\u00e0 gi\u00fap di chuy\u1ec3n d\u1ec5 d\u00e0ng. C\u00e1c khuy v\u1ea3i B\u00e0n C\u1ed5 (pankou) truy\u1ec1n th\u1ed1ng d\u1ecdc theo h\u00e0ng c\u00e0i ch\u00e9o t\u1ea1o th\u00eam n\u00e9t ch\u00e2n th\u1ef1c v\u00e0 th\u1ee7 c\u00f4ng tinh t\u1ebf.<\/p>\n<p>D\u00f9 b\u1ea1n tham d\u1ef1 m\u1ed9t bu\u1ed5i tr\u00e0 \u0111\u1ea1o, m\u1ed9t l\u1ec5 c\u01b0\u1edbi, hay m\u1ed9t bu\u1ed5i ti\u1ec7c t\u1ed1i sang tr\u1ecdng, chi\u1ebfc S\u01b0\u1eddn X\u00e1m L\u1ee5a c\u1ee7a ch\u00fang t\u00f4i l\u00e0 s\u1ef1 l\u1ef1a ch\u1ecdn ho\u00e0n h\u1ea3o cho m\u1ed9t v\u1ebb ngo\u00e0i \u0111\u00e1ng nh\u1edb v\u00e0 tinh t\u1ebf. \u0110\u00e2y l\u00e0 m\u1ed9t trang ph\u1ee5c linh ho\u1ea1t, c\u00f3 th\u1ec3 k\u1ebft h\u1ee3p v\u1edbi c\u00e1c ph\u1ee5 ki\u1ec7n hi\u1ec7n \u0111\u1ea1i ho\u1eb7c truy\u1ec1n th\u1ed1ng \u0111\u1ec3 ph\u00f9 h\u1ee3p v\u1edbi m\u1ecdi d\u1ecbp.<\/p>\n<p>\u0110\u1ec3 gi\u1eef \u0111\u01b0\u1ee3c v\u1ebb \u0111\u1eb9p v\u00e0 \u0111\u1ed9 b\u1ec1n c\u1ee7a chi\u1ebfc s\u01b0\u1eddn x\u00e1m l\u1ee5a, vui l\u00f2ng l\u00e0m theo h\u01b0\u1edbng d\u1eabn b\u1ea3o qu\u1ea3n sau:<\/p>\n<ul>\n<li>Gi\u1eb7t tay b\u1eb1ng n\u01b0\u1edbc l\u1ea1nh v\u1edbi lo\u1ea1i n\u01b0\u1edbc gi\u1eb7t d\u1ecbu nh\u1eb9, chuy\u00ean d\u1ee5ng cho l\u1ee5a.<\/li>\n<li>V\u00f2 nh\u1eb9 nh\u00e0ng, kh\u00f4ng v\u1eaft ho\u1eb7c xo\u1eafn m\u1ea1nh.<\/li>\n<li>X\u1ea3 k\u1ef9 b\u1eb1ng n\u01b0\u1edbc l\u1ea1nh s\u1ea1ch.<\/li>\n<li>\u0110\u1ec3 l\u00e0m r\u00e1o n\u01b0\u1edbc, tr\u1ea3i s\u01b0\u1eddn x\u00e1m ph\u1eb3ng tr\u00ean m\u1ed9t chi\u1ebfc kh\u0103n s\u1ea1ch, kh\u00f4 v\u00e0 nh\u1eb9 nh\u00e0ng cu\u1ed9n l\u1ea1i.<\/li>\n<li>Ph\u01a1i kh\u00f4 \u1edf n\u01a1i c\u00f3 b\u00f3ng r\u00e2m, tr\u00e1nh \u00e1nh n\u1eafng tr\u1ef1c ti\u1ebfp \u0111\u1ec3 l\u1ee5a kh\u00f4ng b\u1ecb phai m\u00e0u.<\/li>\n<li>N\u1ebfu c\u1ea7n, \u1ee7i \u1edf nhi\u1ec7t \u0111\u1ed9 th\u1ea5p, t\u1ed1t nh\u1ea5t l\u00e0 khi v\u1ea3i c\u00f2n h\u01a1i \u1ea9m. \u0110\u1eb7t m\u1ed9t mi\u1ebfng v\u1ea3i l\u00f3t gi\u1eefa b\u00e0n \u1ee7i v\u00e0 l\u1ee5a \u0111\u1ec3 b\u1ea3o v\u1ec7 v\u1ea3i.<\/li>\n<\/ul>\n","protected":false},"excerpt":{"rendered":"<p>Tr\u1ea3i nghi\u1ec7m v\u1ebb \u0111\u1eb9p thanh l\u1ecbch v\u01b0\u1ee3t th\u1eddi gian v\u1edbi chi\u1ebfc S\u01b0\u1eddn X\u00e1m L\u1ee5a tuy\u1ec7t \u0111\u1eb9p c\u1ee7a ch\u00fang t\u00f4i. Chi\u1ebfc x\u01b0\u1eddng x\u00e1m (qipao) hi\u1ec7n \u0111\u1ea1i n\u00e0y \u0111\u01b0\u1ee3c l\u00e0m t\u1eeb l\u1ee5a t\u01a1 t\u1eb1m sang tr\u1ecdng, n\u1ed5i b\u1eadt v\u1edbi c\u1ed5 t\u00e0u c\u1ed5 \u0111i\u1ec3n, c\u00e1c khuy v\u1ea3i B\u00e0n C\u1ed5 tinh t\u1ebf v\u00e0 d\u00e1ng \u00e1o t\u00f4n d\u00e1ng. Ho\u00e0n h\u1ea3o cho c\u00e1c l\u1ec5 c\u01b0\u1edbi, s\u1ef1 ki\u1ec7n trang tr\u1ecdng, ho\u1eb7c b\u1ea5t k\u1ef3 d\u1ecbp \u0111\u1eb7c bi\u1ec7t n\u00e0o b\u1ea1n mu\u1ed1n t\u1ea1o n\u00ean m\u1ed9t d\u1ea5u \u1ea5n tinh t\u1ebf.<\/p>\n<p><a class=\"btn-element btn-element-2 btn btn-default btn-icon--before btn--rounded\" href=\"https:\/\/www.pandasilk.com\/vi\/product\/silk-cheongsam\/\">Silk Cheongsam<\/a><\/p>\n","protected":false},"featured_media":163620,"comment_status":"open","ping_status":"closed","template":"","meta":[],"product_brand":[],"product_cat":[38080,38147],"product_tag":[],"class_list":{"0":"post-164875","1":"product","2":"type-product","3":"status-publish","4":"has-post-thumbnail","6":"product_cat-silk-clothing-vi","7":"product_cat-women-vi","8":"tm-no-options","10":"first","11":"instock","12":"shipping-taxable","13":"product-type-external","14":"prodpage-classic"},"aioseo_notices":[],"_links":{"self":[{"href":"https:\/\/www.pandasilk.com\/vi\/wp-json\/wp\/v2\/product\/164875","targetHints":{"allow":["GET"]}}],"collection":[{"href":"https:\/\/www.pandasilk.com\/vi\/wp-json\/wp\/v2\/product"}],"about":[{"href":"https:\/\/www.pandasilk.com\/vi\/wp-json\/wp\/v2\/types\/product"}],"replies":[{"embeddable":true,"href":"https:\/\/www.pandasilk.com\/vi\/wp-json\/wp\/v2\/comments?post=164875"}],"wp:featuredmedia":[{"embeddable":true,"href":"https:\/\/www.pandasilk.com\/vi\/wp-json\/wp\/v2\/media\/163620"}],"wp:attachment":[{"href":"https:\/\/www.pandasilk.com\/vi\/wp-json\/wp\/v2\/media?parent=164875"}],"wp:term":[{"taxonomy":"product_brand","embeddable":true,"href":"https:\/\/www.pandasilk.com\/vi\/wp-json\/wp\/v2\/product_brand?post=164875"},{"taxonomy":"product_cat","embeddable":true,"href":"https:\/\/www.pandasilk.com\/vi\/wp-json\/wp\/v2\/product_cat?post=164875"},{"taxonomy":"product_tag","embeddable":true,"href":"https:\/\/www.pandasilk.com\/vi\/wp-json\/wp\/v2\/product_tag?post=164875"}],"curies":[{"name":"wp","href":"https:\/\/api.w.org\/{rel}","templated":true}]}}