{"id":164927,"date":"2025-07-09T23:24:40","date_gmt":"2025-07-10T06:24:40","guid":{"rendered":"https:\/\/www.pandasilk.com\/product\/ronghua\/"},"modified":"2026-01-18T03:20:47","modified_gmt":"2026-01-18T11:20:47","slug":"ronghua","status":"publish","type":"product","link":"https:\/\/www.pandasilk.com\/vi\/product\/ronghua\/","title":{"rendered":"Nhung hoa (\u7ed2\u82b1) &#8211; Hoa Nhung Trung Hoa"},"content":{"rendered":"<p>&nbsp;<\/p>\n<p>H\u00e3y b\u01b0\u1edbc v\u00e0o m\u1ed9t th\u1ebf gi\u1edbi c\u1ee7a v\u1ebb \u0111\u1eb9p v\u01b0\u1ee3t th\u1eddi gian v\u1edbi Nhung hoa (\u7ed2\u82b1), m\u1ed9t h\u00ecnh th\u1ee9c ngh\u1ec7 thu\u1eadt tinh x\u1ea3o c\u00f3 ngu\u1ed3n g\u1ed1c t\u1eeb th\u1eddi nh\u00e0 \u0110\u01b0\u1eddng. \u0110\u01b0\u1ee3c \u0111\u1eb7t t\u00ean theo k\u1ebft c\u1ea5u m\u1ec1m m\u1ea1i nh\u01b0 nhung, Nhung hoa th\u1ef1c ch\u1ea5t kh\u00f4ng l\u00e0m t\u1eeb v\u1ea3i nhung, m\u00e0 t\u1eeb nh\u1eefng s\u1ee3i t\u01a1 t\u1eb1m \u0111\u01b0\u1ee3c xo\u1eafn v\u00e0 c\u1eaft t\u1ec9 m\u1ec9, t\u1ea1o h\u00ecnh tr\u00ean m\u1ed9t khung \u0111\u1ed3ng tinh x\u1ea3o. Ngh\u1ec1 th\u1ee7 c\u00f4ng c\u1ed5 x\u01b0a n\u00e0y, \u0111\u01b0\u1ee3c ch\u00ednh th\u1ee9c c\u00f4ng nh\u1eadn l\u00e0 <strong>Di s\u1ea3n v\u0103n h\u00f3a phi v\u1eadt th\u1ec3 Qu\u1ed1c gia c\u1ee7a Trung Qu\u1ed1c<\/strong>, t\u1eebng ch\u1ec9 d\u00e0nh ri\u00eang cho ph\u1ee5 n\u1eef trong cung \u0111\u00ecnh, t\u01b0\u1ee3ng tr\u01b0ng cho s\u1ef1 th\u1ecbnh v\u01b0\u1ee3ng, s\u1eafc \u0111\u1eb9p v\u00e0 may m\u1eafn. M\u1ed7i \u0111\u00f3a hoa nhung l\u00e0 m\u1ed9t minh ch\u1ee9ng cho k\u1ef9 n\u0103ng v\u00e0 s\u1ef1 ki\u00ean nh\u1eabn c\u1ee7a ng\u01b0\u1eddi ngh\u1ec7 nh\u00e2n. Quy tr\u00ecnh ch\u1ebf t\u00e1c bao g\u1ed3m vi\u1ec7c nhu\u1ed9m v\u00e0 xo\u1eafn t\u01a1 t\u1eb1m nguy\u00ean ch\u1ea5t th\u00e0nh nh\u1eefng s\u1ee3i nh\u1ecf, c\u1ea9n th\u1eadn t\u1ea1o h\u00ecnh th\u00e0nh c\u00e1c h\u1ecda ti\u1ebft hoa l\u00e1 ho\u1eb7c \u0111\u1ed9ng v\u1eadt ph\u1ee9c t\u1ea1p\u2014ch\u1eb3ng h\u1ea1n nh\u01b0 ph\u01b0\u1ee3ng ho\u00e0ng c\u00e1t t\u01b0\u1eddng hay b\u01b0\u1edbm xinh tinh t\u1ebf\u2014v\u00e0 cu\u1ed1i c\u00f9ng, c\u1eaft c\u00e1c v\u00f2ng l\u1ee5a \u0111\u1ec3 t\u1ea1o ra l\u1edbp l\u00f4ng m\u1ec1m m\u1ea1i, d\u00e0y d\u1eb7n \u0111\u1eb7c tr\u01b0ng. K\u1ebft qu\u1ea3 l\u00e0 m\u1ed9t m\u00f3n ph\u1ee5 ki\u1ec7n v\u1eeba tinh x\u1ea3o \u0111\u1ebfn kinh ng\u1ea1c l\u1ea1i v\u1eeba nh\u1eb9 nh\u00e0ng, tho\u1ea3i m\u00e1i khi \u0111eo. Kh\u00f4ng ch\u1ec9 l\u00e0 m\u1ed9t m\u00f3n trang s\u1ee9c t\u00f3c, Nhung hoa c\u00f2n l\u00e0 m\u1ed9t ph\u1ea7n c\u1ee7a l\u1ecbch s\u1eed s\u1ed1ng \u0111\u1ed9ng. N\u00f3 k\u1ebft n\u1ed1i ng\u01b0\u1eddi \u0111eo v\u1edbi di s\u1ea3n c\u1ee7a c\u00e1c ho\u00e0ng h\u1eadu v\u00e0 m\u1ec7nh ph\u1ee5 phu nh\u00e2n, v\u1edbi m\u1ed9t n\u1ec1n v\u0103n h\u00f3a tr\u00e2n tr\u1ecdng tay ngh\u1ec1 th\u1ee7 c\u00f4ng, v\u00e0 v\u1edbi m\u1ed9t th\u1ea9m m\u1ef9 c\u1ee7a v\u1ebb thanh l\u1ecbch tinh t\u1ebf v\u00e0 s\u00e2u s\u1eafc.<\/p>\n<h3>Di s\u1ea3n c\u1ee7a v\u1ebb \u0111\u1eb9p cung \u0111\u00ecnh<\/h3>\n<p>Nhung hoa ph\u00e1t tri\u1ec3n r\u1ef1c r\u1ee1 d\u01b0\u1edbi th\u1eddi Minh v\u00e0 Thanh, tr\u1edf th\u00e0nh m\u1ed9t v\u1eadt ph\u1ea9m kh\u00f4ng th\u1ec3 thi\u1ebfu trong ho\u00e0ng cung. \u0110\u01b0\u1ee3c c\u00e0i tr\u00ean t\u00f3c trong c\u00e1c l\u1ec5 h\u1ed9i, nghi l\u1ec5 v\u00e0 \u0111\u1eddi s\u1ed1ng th\u01b0\u1eddng ng\u00e0y, nh\u1eefng \u0111\u00f3a hoa l\u1ee5a n\u00e0y \u0111\u01b0\u1ee3c tr\u00e2n tr\u1ecdng v\u00ec m\u00e0u s\u1eafc r\u1ef1c r\u1ee1, kh\u00f4ng phai v\u00e0 \u00fd ngh\u0129a c\u00e1t t\u01b0\u1eddng. S\u1edf h\u1eefu m\u1ed9t t\u00e1c ph\u1ea9m Nhung hoa l\u00e0 n\u1eafm gi\u1eef m\u1ed9t m\u1ed1i li\u00ean k\u1ebft tr\u1ef1c ti\u1ebfp v\u1edbi di s\u1ea3n ngh\u1ec7 thu\u1eadt tinh t\u1ebf n\u00e0y.<\/p>\n<h3>Ngh\u1ec7 thu\u1eadt c\u1ee7a t\u01a1 l\u1ee5a v\u00e0 th\u1ee7 c\u00f4ng<\/h3>\n<p>Nh\u1eefng s\u1ea3n ph\u1ea9m Nhung hoa c\u1ee7a ch\u00fang t\u00f4i \u0111\u01b0\u1ee3c t\u1ea1o ra ho\u00e0n to\u00e0n th\u1ee7 c\u00f4ng b\u1edfi c\u00e1c ngh\u1ec7 nh\u00e2n l\u00e0nh ngh\u1ec1 \u0111\u00e3 k\u1ebf th\u1eeba k\u1ef9 thu\u1eadt n\u00e0y qua nhi\u1ec1u th\u1ebf h\u1ec7. Ch\u1ec9 s\u1eed d\u1ee5ng s\u1ee3i t\u01a1 t\u1eb1m ch\u1ea5t l\u01b0\u1ee3ng cao v\u00e0 d\u00e2y \u0111\u1ed3ng d\u1ec5 u\u1ed1n, h\u1ecd th\u1ed5i h\u1ed3n v\u00e0o t\u1eebng thi\u1ebft k\u1ebf m\u00e0 kh\u00f4ng d\u00f9ng \u0111\u1ebfn m\u1ed9t gi\u1ecdt keo n\u00e0o. K\u1ebft c\u1ea5u \u0111\u1ed9c \u0111\u00e1o v\u00e0 \u0111\u1ed9 \u00f3ng \u1ea3 s\u00e1ng \u0111\u1eb9p \u0111\u01b0\u1ee3c t\u1ea1o n\u00ean ho\u00e0n to\u00e0n t\u1eeb k\u1ef9 n\u0103ng \u0111i\u00eau luy\u1ec7n, khi\u1ebfn m\u1ed7i \u0111\u00f3a hoa tr\u1edf th\u00e0nh m\u1ed9t t\u00e1c ph\u1ea9m ngh\u1ec7 thu\u1eadt \u0111\u1ed9c nh\u1ea5t.<\/p>\n<h3>N\u00e9t duy\u00ean \u0111a d\u1ee5ng cho th\u1eddi hi\u1ec7n \u0111\u1ea1i<\/h3>\n<p>D\u00f9 theo truy\u1ec1n th\u1ed1ng \u0111\u01b0\u1ee3c d\u00f9ng l\u00e0m tr\u00e2m c\u00e0i t\u00f3c ho\u1eb7c trang s\u1ee9c tr\u00ean \u0111\u1ea7u, Nhung hoa hi\u1ec7n \u0111\u1ea1i l\u1ea1i v\u00f4 c\u00f9ng \u0111a d\u1ee5ng. B\u1ea1n c\u00f3 th\u1ec3 c\u00e0i n\u00f3 l\u00ean ve \u00e1o nh\u01b0 m\u1ed9t chi\u1ebfc tr\u00e2m c\u00e0i \u00e1o l\u1ed9ng l\u1eaby, trang tr\u00ed tr\u00ean m\u0169 ho\u1eb7c kh\u0103n cho\u00e0ng \u0111\u1ec3 t\u1ea1o \u0111i\u1ec3m nh\u1ea5n \u0111\u1ed9c \u0111\u00e1o, ho\u1eb7c th\u1eadm ch\u00ed tr\u01b0ng b\u00e0y nh\u01b0 m\u1ed9t t\u00e1c ph\u1ea9m ngh\u1ec7 thu\u1eadt tinh t\u1ebf trong nh\u00e0. \u0110\u00e2y l\u00e0 ph\u1ee5 ki\u1ec7n t\u1ea1o \u0111i\u1ec3m nh\u1ea5n ho\u00e0n h\u1ea3o cho \u0111\u00e1m c\u01b0\u1edbi, c\u00e1c s\u1ef1 ki\u1ec7n v\u0103n h\u00f3a, ho\u1eb7c b\u1ea5t k\u1ef3 d\u1ecbp n\u00e0o b\u1ea1n mu\u1ed1n th\u1ec3 hi\u1ec7n m\u1ed9t phong c\u00e1ch tinh t\u1ebf v\u00e0 ri\u00eang bi\u1ec7t.<\/p>\n<h3>\u0110\u1eb7c \u0111i\u1ec3m<\/h3>\n<ul>\n<li><strong>Ch\u1ea5t li\u1ec7u<\/strong>: 100% s\u1ee3i t\u01a1 t\u1eb1m nguy\u00ean ch\u1ea5t, khung d\u00e2y \u0111\u1ed3ng.<\/li>\n<li><strong>K\u1ef9 thu\u1eadt ch\u1ebf t\u00e1c<\/strong>: 100% l\u00e0m th\u1ee7 c\u00f4ng b\u1edfi c\u00e1c ngh\u1ec7 nh\u00e2n truy\u1ec1n th\u1ed1ng t\u1ea1i Nam Kinh, c\u00e1i n\u00f4i c\u1ee7a ngh\u1ec7 thu\u1eadt Nhung hoa.<\/li>\n<li><strong>Thi\u1ebft k\u1ebf<\/strong>: H\u1ecda ti\u1ebft c\u00e1t t\u01b0\u1eddng truy\u1ec1n th\u1ed1ng (v\u00ed d\u1ee5: hoa m\u1eabu \u0111\u01a1n, hoa c\u00fac, ph\u01b0\u1ee3ng ho\u00e0ng).<\/li>\n<li><strong>K\u1ebft c\u1ea5u<\/strong>: M\u1ec1m m\u1ea1i, m\u1ecbn m\u00e0ng nh\u01b0 nhung, \u0111\u01b0\u1ee3c t\u1ea1o ra t\u1eeb vi\u1ec7c c\u1eaft s\u1ee3i t\u01a1 t\u1eb1m.<\/li>\n<li><strong>Tr\u1ecdng l\u01b0\u1ee3ng<\/strong>: C\u1ef1c k\u1ef3 nh\u1eb9, mang l\u1ea1i c\u1ea3m gi\u00e1c tho\u1ea3i m\u00e1i khi \u0111eo c\u1ea3 ng\u00e0y.<\/li>\n<li><strong>Di s\u1ea3n<\/strong>: \u0110\u01b0\u1ee3c ch\u00ednh th\u1ee9c c\u00f4ng nh\u1eadn l\u00e0 Di s\u1ea3n v\u0103n h\u00f3a phi v\u1eadt th\u1ec3 Qu\u1ed1c gia c\u1ee7a Trung Qu\u1ed1c.<\/li>\n<\/ul>\n<h3>H\u01b0\u1edbng d\u1eabn b\u1ea3o qu\u1ea3n<\/h3>\n<p>Nhung hoa l\u00e0 m\u1ed9t t\u00e1c ph\u1ea9m ngh\u1ec7 thu\u1eadt tinh x\u1ea3o. \u0110\u1ec3 gi\u1eef g\u00ecn v\u1ebb \u0111\u1eb9p c\u1ee7a n\u00f3 trong nhi\u1ec1u n\u0103m, vui l\u00f2ng l\u00e0m theo c\u00e1c h\u01b0\u1edbng d\u1eabn sau:<\/p>\n<ul>\n<li><strong>Tr\u00e1nh \u1ea9m<\/strong>: Gi\u1eef Nhung hoa tr\u00e1nh xa n\u01b0\u1edbc, m\u01b0a v\u00e0 \u0111\u1ed9 \u1ea9m cao, v\u00ec h\u01a1i \u1ea9m c\u00f3 th\u1ec3 l\u00e0m h\u1ecfng t\u01a1 l\u1ee5a.<\/li>\n<li><strong>Tr\u00e1nh \u0111\u00e8 n\u00e9n<\/strong>: Kh\u00f4ng \u0111\u00e8 b\u1eb9p ho\u1eb7c \u00e9p l\u00ean hoa, v\u00ec \u0111i\u1ec1u n\u00e0y c\u00f3 th\u1ec3 l\u00e0m h\u1ecfng v\u0129nh vi\u1ec5n l\u1edbp l\u00f4ng t\u01a1 m\u1ecfng manh.<\/li>\n<li><strong>B\u1ea3o qu\u1ea3n<\/strong>: C\u1ea5t gi\u1eef trong h\u1ed9p \u0111i k\u00e8m ho\u1eb7c h\u1ed9p trang s\u1ee9c ri\u00eang, tr\u00e1nh \u00e1nh n\u1eafng tr\u1ef1c ti\u1ebfp c\u00f3 th\u1ec3 l\u00e0m phai m\u00e0u theo th\u1eddi gian.<\/li>\n<li><strong>V\u1ec7 sinh<\/strong>: \u0110\u1ec3 l\u00e0m s\u1ea1ch, h\u00e3y nh\u1eb9 nh\u00e0ng ph\u1ee7i b\u1ee5i tr\u00ean b\u1ec1 m\u1eb7t b\u1eb1ng m\u1ed9t c\u00e2y c\u1ecd r\u1ea5t m\u1ec1m v\u00e0 kh\u00f4 (nh\u01b0 c\u1ecd trang \u0111i\u1ec3m s\u1ea1ch). Kh\u00f4ng s\u1eed d\u1ee5ng n\u01b0\u1edbc ho\u1eb7c ch\u1ea5t t\u1ea9y r\u1eeda h\u00f3a h\u1ecdc.<\/li>\n<li><strong>Thao t\u00e1c<\/strong>: Khi c\u00e0i ho\u1eb7c th\u00e1o s\u1ea3n ph\u1ea9m, h\u00e3y c\u1ea7m v\u00e0o ph\u1ea7n \u0111\u1ebf kim lo\u1ea1i ho\u1eb7c ghim c\u00e0i thay v\u00ec c\u1ea7m v\u00e0o c\u00e1nh hoa b\u1eb1ng l\u1ee5a.<\/li>\n<\/ul>\n","protected":false},"excerpt":{"rendered":"<p>H\u00e3y \u0111i\u1ec3m t\u00f4 m\u00e1i t\u00f3c b\u1ea1n b\u1eb1ng m\u1ed9t \u00e1ng m\u00e2y t\u01a1 l\u1ee5a v\u00e0 m\u1ed9t l\u1eddi th\u00ec th\u1ea7m c\u1ee7a l\u1ecbch s\u1eed. T\u00e1c ph\u1ea9m Nhung hoa Nam Kinh (\u5357\u4eac\u7ed2\u82b1) \u0111\u00edch th\u1ef1c n\u00e0y \u0111\u01b0\u1ee3c ch\u1ebf t\u00e1c t\u1ec9 m\u1ec9 b\u1edfi c\u00e1c ngh\u1ec7 nh\u00e2n \u0111ang b\u1ea3o t\u1ed3n m\u1ed9t di s\u1ea3n v\u0103n h\u00f3a phi v\u1eadt th\u1ec3. \u0110\u01b0\u1ee3c l\u00e0m t\u1eeb t\u01a1 t\u1eb1m nguy\u00ean ch\u1ea5t xo\u1eafn quanh khung \u0111\u1ed3ng tinh x\u1ea3o, n\u00f3 l\u00e0 bi\u1ec3u t\u01b0\u1ee3ng c\u1ee7a s\u1ef1 duy\u00ean d\u00e1ng, may m\u1eafn v\u00e0 v\u1ebb \u0111\u1eb9p v\u01b0\u1ee3t th\u1eddi gian. H\u01a1n c\u1ea3 m\u1ed9t ph\u1ee5 ki\u1ec7n\u2014\u0111\u00e2y l\u00e0 m\u1ed9t t\u00e1c ph\u1ea9m ngh\u1ec7 thu\u1eadt c\u00f3 th\u1ec3 \u0111eo tr\u00ean ng\u01b0\u1eddi. Nhung hoa l\u00e0 m\u1ed9t ph\u1ee5 ki\u1ec7n \u0111a d\u1ee5ng v\u00e0 \u0111\u1eadm ch\u1ea5t ngh\u1ec7 thu\u1eadt, v\u1edbi v\u1ebb \u0111\u1eb9p thanh l\u1ecbch b\u1ec1n b\u1ec9, ph\u00f9 h\u1ee3p v\u1edbi nhi\u1ec1u ho\u00e0n c\u1ea3nh:<\/p>\n<ul>\n<li>Trang s\u1ee9c t\u00f3c tinh t\u1ebf: C\u00e0i l\u00ean t\u00f3c b\u00fai cao ho\u1eb7c b\u00fai tr\u00f2n \u0111\u1ec3 th\u00eam m\u1ed9t n\u00e9t thanh l\u1ecbch c\u1ed5 \u0111i\u1ec3n. \u0110\u00e2y l\u00e0 m\u1ed9t y\u1ebfu t\u1ed1 tinh t\u00fay cho c\u00e1c b\u1ed9 trang ph\u1ee5c H\u00e1n ph\u1ee5c v\u00e0 S\u01b0\u1eddn x\u00e1m \u0111\u00edch th\u1ef1c.<\/li>\n<li>Tr\u00e2m c\u00e0i \u00e1o \u0111\u1ed9c \u0111\u00e1o: G\u1eafn l\u00ean ve \u00e1o kho\u00e1c ho\u1eb7c v\u1ea3i v\u00e1y \u0111\u1ec3 t\u1ea1o th\u00e0nh m\u1ed9t \u0111i\u1ec3m nh\u1ea5n \u1ea5n t\u01b0\u1ee3ng v\u00e0 mang \u00fd ngh\u0129a v\u0103n h\u00f3a s\u00e2u s\u1eafc.<\/li>\n<li>D\u00e0nh cho nh\u1eefng d\u1ecbp \u0111\u00e1ng nh\u1edb: \u0110\u00e2y l\u00e0 l\u1ef1a ch\u1ecdn ho\u00e0n h\u1ea3o cho \u0111\u00e1m c\u01b0\u1edbi, ti\u1ec7c tr\u00e0 v\u00e0 b\u1ea5t k\u1ef3 s\u1ef1 ki\u1ec7n trang tr\u1ecdng n\u00e0o m\u00e0 b\u1ea1n mu\u1ed1n t\u1ea1o \u1ea5n t\u01b0\u1ee3ng thanh l\u1ecbch.<\/li>\n<li>M\u1ed9t m\u00f3n qu\u00e0 \u00fd ngh\u0129a: T\u1eb7ng Nhung hoa nh\u01b0 m\u1ed9t m\u00f3n qu\u00e0 qu\u00fd gi\u00e1, t\u01b0\u1ee3ng tr\u01b0ng cho v\u1ebb \u0111\u1eb9p, s\u1ef1 may m\u1eafn v\u00e0 l\u00f2ng t\u00f4n tr\u1ecdng \u0111\u1ed1i v\u1edbi k\u1ef9 ngh\u1ec7 truy\u1ec1n th\u1ed1ng.<\/li>\n<\/ul>\n","protected":false},"featured_media":160918,"comment_status":"open","ping_status":"closed","template":"","meta":[],"product_brand":[],"product_cat":[39047],"product_tag":[],"class_list":{"0":"post-164927","1":"product","2":"type-product","3":"status-publish","4":"has-post-thumbnail","6":"product_cat-silk-road-vi","7":"tm-no-options","9":"first","10":"instock","11":"shipping-taxable","12":"product-type-external","13":"prodpage-classic"},"aioseo_notices":[],"_links":{"self":[{"href":"https:\/\/www.pandasilk.com\/vi\/wp-json\/wp\/v2\/product\/164927","targetHints":{"allow":["GET"]}}],"collection":[{"href":"https:\/\/www.pandasilk.com\/vi\/wp-json\/wp\/v2\/product"}],"about":[{"href":"https:\/\/www.pandasilk.com\/vi\/wp-json\/wp\/v2\/types\/product"}],"replies":[{"embeddable":true,"href":"https:\/\/www.pandasilk.com\/vi\/wp-json\/wp\/v2\/comments?post=164927"}],"wp:featuredmedia":[{"embeddable":true,"href":"https:\/\/www.pandasilk.com\/vi\/wp-json\/wp\/v2\/media\/160918"}],"wp:attachment":[{"href":"https:\/\/www.pandasilk.com\/vi\/wp-json\/wp\/v2\/media?parent=164927"}],"wp:term":[{"taxonomy":"product_brand","embeddable":true,"href":"https:\/\/www.pandasilk.com\/vi\/wp-json\/wp\/v2\/product_brand?post=164927"},{"taxonomy":"product_cat","embeddable":true,"href":"https:\/\/www.pandasilk.com\/vi\/wp-json\/wp\/v2\/product_cat?post=164927"},{"taxonomy":"product_tag","embeddable":true,"href":"https:\/\/www.pandasilk.com\/vi\/wp-json\/wp\/v2\/product_tag?post=164927"}],"curies":[{"name":"wp","href":"https:\/\/api.w.org\/{rel}","templated":true}]}}